{"id":10572,"date":"2025-04-10T08:33:00","date_gmt":"2025-04-10T08:33:00","guid":{"rendered":"https:\/\/pgs-service.com\/?page_id=10572"},"modified":"2026-03-27T08:54:32","modified_gmt":"2026-03-27T08:54:32","slug":"kontakt","status":"publish","type":"page","link":"https:\/\/pgs-service.com\/?page_id=10572","title":{"rendered":"Kontakt"},"content":{"rendered":"<div class=\"wpb-content-wrapper\"><p>[vc_section full_width=&#8221;stretch_row&#8221; woodmart_stretch_content=&#8221;section-stretch&#8221; el_class=&#8221;footer-sekcja&#8221; woodmart_css_id=&#8221;69c3c6c3c7518&#8243; responsive_spacing=&#8221;eyJwYXJhbV90eXBlIjoid29vZG1hcnRfcmVzcG9uc2l2ZV9zcGFjaW5nIiwic2VsZWN0b3JfaWQiOiI2OWMzYzZjM2M3NTE4Iiwic2hvcnRjb2RlIjoidmNfc2VjdGlvbiIsImRhdGEiOnsidGFibGV0Ijp7fSwibW9iaWxlIjp7fX19&#8243; mobile_bg_img_hidden=&#8221;no&#8221; tablet_bg_img_hidden=&#8221;no&#8221; woodmart_parallax=&#8221;0&#8243; woodmart_gradient_switch=&#8221;no&#8221; woodmart_box_shadow=&#8221;no&#8221; wd_z_index=&#8221;no&#8221; woodmart_disable_overflow=&#8221;0&#8243;][vc_row full_width=&#8221;stretch_row&#8221; el_class=&#8221;pgs-kontakt pgs-kontakt-header&#8221;][vc_column]\n\t\t<div id=\"wd-69c3c88476c93\" class=\"title-wrapper wd-wpb wd-set-mb reset-last-child  wd-rs-69c3c88476c93 wd-title-color-default wd-title-style-default text-center tytulek4  wd-underline-colored\">\n\t\t\t\t\t\t\t\n\t\t\t\t<div class=\"title-subtitle  subtitle-color-default font-default subtitle-style-default wd-font-weight- wd-fontsize-xs\">KONTAKT Z NAMI<\/div>\n\t\t\t\n\t\t\t<div class=\"liner-continer\">\n\t\t\t\t<h2 class=\"woodmart-title-container title  wd-font-weight- wd-fontsize-l\" >Dane kontaktowe<\/h2>\n\t\t\t\t\t\t\t<\/div>\n\t\t\t\n\t\t\t\n\t\t\t\n\t\t<\/div>\n\t\t\n\t\t[\/vc_column][\/vc_row][vc_row full_width=&#8221;stretch_row&#8221; gap=&#8221;35&#8243; content_placement=&#8221;middle&#8221; el_class=&#8221;pgs-kontakt pgs-kontakt-data&#8221; woodmart_css_id=&#8221;69c3caa0b2a56&#8243; responsive_spacing=&#8221;eyJwYXJhbV90eXBlIjoid29vZG1hcnRfcmVzcG9uc2l2ZV9zcGFjaW5nIiwic2VsZWN0b3JfaWQiOiI2OWMzY2FhMGIyYTU2Iiwic2hvcnRjb2RlIjoidmNfcm93IiwiZGF0YSI6eyJ0YWJsZXQiOnt9LCJtb2JpbGUiOnt9fX0=&#8221; mobile_bg_img_hidden=&#8221;no&#8221; tablet_bg_img_hidden=&#8221;no&#8221; woodmart_parallax=&#8221;0&#8243; woodmart_gradient_switch=&#8221;no&#8221; woodmart_box_shadow=&#8221;no&#8221; wd_z_index=&#8221;no&#8221; woodmart_disable_overflow=&#8221;0&#8243; row_reverse_mobile=&#8221;0&#8243; row_reverse_tablet=&#8221;0&#8243;][vc_column width=&#8221;1\/2&#8243;][vc_single_image image=&#8221;13877&#8243; img_size=&#8221;medium&#8221;]\t\t<div id=\"wd-69c3cabf5ab06\" class=\"wd-text-block wd-wpb reset-last-child wd-rs-69c3cabf5ab06 text-left \">\n\t\t\t<p><strong>PGS Polska Grupa Serwisowa Sp z o.o. Sp. k<\/strong><br \/>\nAnnopol 22, 03-236 Warszawa<br \/>\nNIP 5242840203<\/p>\n<p><strong>Biuro \/ Magazyn \/ Warsztat<\/strong><br \/>\nu. Modu\u0142owa 7 Hala VIII<br \/>\n05-816 Opacz Ma\u0142a<\/p>\n\t\t<\/div>\n\t\t[\/vc_column][vc_column width=&#8221;1\/2&#8243;][vc_column_text css=&#8221;&#8221; woodmart_inline=&#8221;no&#8221; text_larger=&#8221;no&#8221;]<strong>Sprzeda\u017c serwisu i maszyn<\/strong><br \/>\nTel. <a href=\"tel:+48883232311\">+48 883 232 311<\/a><br \/>\n<a href=\"mailto:wojciech.walesieniuk@pgs-service.com\">wojciech.walesieniuk@pgs-service.com<\/a><br \/>\nTel. <a href=\"tel:+48666640981\">+48 666 640 981<\/a><br \/>\n<a href=\"mailto:joanna.kubacka@pgs-service.com\">joanna.kubacka@pgs-service.com<\/a><\/p>\n<p><strong>Cz\u0119\u015bci zamienne<\/strong><br \/>\nTel. <a href=\"tel:+48796700930\">+48 796 700 930<\/a><br \/>\n<a href=\"mailto:marcin.niewiadomski@pgs-service.com\">marcin.niewiadomski@pgs-service.com<\/a><\/p>\n<p><strong>Serwis i sprawy techniczne<\/strong><br \/>\nTel. <a href=\"tel:+48539622990\">+48 539 622 990<\/a><br \/>\n<a href=\"mailto:dariusz.blasiak@pgs-service.com\">dariusz.blasiak@pgs-service.com<\/a><\/p>\n<p><strong>Litwa \/ \u0141otwa \/ Estonia<\/strong><br \/>\nTel. <a href=\"tel:+37125464733\">+37 125 464 733<\/a><br \/>\n<a href=\"mailto:armands.lusis@pgi-sk.com\">armands.lusis@pgi-sk.com<\/a>[\/vc_column_text][\/vc_column][\/vc_row][\/vc_section][vc_row full_width=&#8221;stretch_row&#8221; el_class=&#8221;pgs-formularz&#8221;][vc_column]\n\t\t<div id=\"wd-69c3def61a482\" class=\"title-wrapper wd-wpb wd-set-mb reset-last-child  wd-rs-69c3def61a482 wd-title-color-default wd-title-style-default text-center tytulek4  wd-underline-colored\">\n\t\t\t\t\t\t\t\n\t\t\t\t<div class=\"title-subtitle  subtitle-color-default font-default subtitle-style-default wd-font-weight- wd-fontsize-xs\">Formularz kontaktowy<\/div>\n\t\t\t\n\t\t\t<div class=\"liner-continer\">\n\t\t\t\t<h2 class=\"woodmart-title-container title  wd-font-weight- wd-fontsize-l\" >NAPISZ DO NAS<\/h2>\n\t\t\t\t\t\t\t<\/div>\n\t\t\t\n\t\t\t\n\t\t\t\n\t\t<\/div>\n\t\t\n\t\t\n<div class=\"wpcf7 no-js\" id=\"wpcf7-f1803-o1\" lang=\"pl-PL\" dir=\"ltr\" data-wpcf7-id=\"1803\">\n<div class=\"screen-reader-response\"><p role=\"status\" aria-live=\"polite\" aria-atomic=\"true\"><\/p> <ul><\/ul><\/div>\n<form action=\"\/index.php?rest_route=%2Fwp%2Fv2%2Fpages%2F10572#wpcf7-f1803-o1\" method=\"post\" class=\"wpcf7-form init\" aria-label=\"Formularz kontaktowy\" novalidate=\"novalidate\" data-status=\"init\">\n<fieldset class=\"hidden-fields-container\"><input type=\"hidden\" name=\"_wpcf7\" value=\"1803\" \/><input type=\"hidden\" name=\"_wpcf7_version\" value=\"6.1.5\" \/><input type=\"hidden\" name=\"_wpcf7_locale\" value=\"pl_PL\" \/><input type=\"hidden\" name=\"_wpcf7_unit_tag\" value=\"wpcf7-f1803-o1\" \/><input type=\"hidden\" name=\"_wpcf7_container_post\" value=\"0\" \/><input type=\"hidden\" name=\"_wpcf7_posted_data_hash\" value=\"\" \/>\n<\/fieldset>\n<div class=\"pgs-form-row\">\n\t<div class=\"pgs-form-col\">\n\t\t<p><span class=\"wpcf7-form-control-wrap\" data-name=\"your-name\"><input size=\"40\" maxlength=\"400\" class=\"wpcf7-form-control wpcf7-text wpcf7-validates-as-required\" aria-required=\"true\" aria-invalid=\"false\" placeholder=\"Imi\u0119*\" value=\"\" type=\"text\" name=\"your-name\" \/><\/span>\n\t\t<\/p>\n\t<\/div>\n\t<div class=\"pgs-form-col\">\n\t\t<p><span class=\"wpcf7-form-control-wrap\" data-name=\"your-surname\"><input size=\"40\" maxlength=\"400\" class=\"wpcf7-form-control wpcf7-text wpcf7-validates-as-required\" aria-required=\"true\" aria-invalid=\"false\" placeholder=\"Nazwisko*\" value=\"\" type=\"text\" name=\"your-surname\" \/><\/span>\n\t\t<\/p>\n\t<\/div>\n<\/div>\n<div class=\"pgs-form-row\">\n\t<div class=\"pgs-form-col\">\n\t\t<p><span class=\"wpcf7-form-control-wrap\" data-name=\"your-email\"><input size=\"40\" maxlength=\"400\" class=\"wpcf7-form-control wpcf7-email wpcf7-validates-as-required wpcf7-text wpcf7-validates-as-email\" aria-required=\"true\" aria-invalid=\"false\" placeholder=\"Tw\u00f3j adres e-mail*\" value=\"\" type=\"email\" name=\"your-email\" \/><\/span>\n\t\t<\/p>\n\t<\/div>\n\t<div class=\"pgs-form-col\">\n\t\t<p><span class=\"wpcf7-form-control-wrap\" data-name=\"your-phone\"><input size=\"40\" maxlength=\"400\" class=\"wpcf7-form-control wpcf7-tel wpcf7-validates-as-required wpcf7-text wpcf7-validates-as-tel\" aria-required=\"true\" aria-invalid=\"false\" placeholder=\"Numer telefonu*\" value=\"\" type=\"tel\" name=\"your-phone\" \/><\/span>\n\t\t<\/p>\n\t<\/div>\n<\/div>\n<div class=\"pgs-form-row\">\n\t<p><span class=\"wpcf7-form-control-wrap\" data-name=\"your-subject\"><input size=\"40\" maxlength=\"400\" class=\"wpcf7-form-control wpcf7-text\" aria-invalid=\"false\" placeholder=\"Temat wiadomo\u015bci\" value=\"\" type=\"text\" name=\"your-subject\" \/><\/span>\n\t<\/p>\n<\/div>\n<div class=\"pgs-form-row\">\n\t<p><span class=\"wpcf7-form-control-wrap\" data-name=\"your-message\"><textarea cols=\"40\" rows=\"10\" maxlength=\"2000\" class=\"wpcf7-form-control wpcf7-textarea\" aria-invalid=\"false\" placeholder=\"Twoja wiadomo\u015b\u0107  (opcjonalnie)\" name=\"your-message\"><\/textarea><\/span>\n\t<\/p>\n<\/div>\n<div class=\"pgs-form-row pgs-form-consent\">\n\t<p><span class=\"wpcf7-form-control-wrap\" data-name=\"acceptance-965\"><span class=\"wpcf7-form-control wpcf7-acceptance\"><span class=\"wpcf7-list-item\"><label><input type=\"checkbox\" name=\"acceptance-965\" value=\"1\" aria-invalid=\"false\" \/><span class=\"wpcf7-list-item-label\">Wyra\u017cam zgod\u0119 na przetwarzanie moich danych w celu nawi\u0105zania kontaktu i odpowiedzi na moje zapytanie. Zapozna\u0142em\/am si\u0119 i akceptuj\u0119 <a href=\"https:\/\/pgs-service.com\/polityka-prywatnosci\/\">Polityk\u0119 prywatno\u015bci<\/a><\/span><\/label><\/span><\/span><\/span>\n\t<\/p>\n<\/div>\n<div class=\"pgs-form-row pgs-form-submit\">\n\t<p><input class=\"wpcf7-form-control wpcf7-submit has-spinner\" type=\"submit\" value=\"WY\u015aLIJ WIADOMO\u015a\u0106\" \/>\n\t<\/p>\n<\/div><div class=\"wpcf7-response-output\" aria-hidden=\"true\"><\/div>\n<\/form>\n<\/div>\n[\/vc_column][\/vc_row][vc_row full_width=&#8221;stretch_row&#8221; woodmart_stretch_content=&#8221;section-stretch&#8221; el_class=&#8221;pgs-footer-bar&#8221; woodmart_css_id=&#8221;pgs_footer_bar&#8221;][vc_column][vc_row_inner content_placement=&#8221;middle&#8221; el_class=&#8221;pgs-footer-inner&#8221;][vc_column_inner width=&#8221;1\/3&#8243;][vc_column_text woodmart_inline=&#8221;no&#8221; text_larger=&#8221;no&#8221;]<\/p>\n<p style=\"text-align: left; margin: 0;\">Copyright \u00a9 2026 | PGS Polska Grupa Serwisowa<\/p>\n<p>[\/vc_column_text][\/vc_column_inner][vc_column_inner width=&#8221;1\/3&#8243;][vc_column_text woodmart_inline=&#8221;no&#8221; text_larger=&#8221;no&#8221;]<\/p>\n<p style=\"text-align: center; margin: 0;\"><a href=\"https:\/\/www.linkedin.com\/company\/pgs-polska-grupa-serwisowa\" target=\"_blank\" rel=\"noopener\"><img decoding=\"async\" style=\"width: 32px; height: 32px; display: inline-block;\" src=\"http:\/\/pgs-service.com\/wp-content\/uploads\/2026\/03\/Linkedin.png\" alt=\"LinkedIn\" \/><\/a><\/p>\n<p>[\/vc_column_text][\/vc_column_inner][vc_column_inner width=&#8221;1\/3&#8243;][vc_column_text woodmart_inline=&#8221;no&#8221; text_larger=&#8221;no&#8221;]<\/p>\n<p style=\"text-align: right; margin: 0;\">Projekt i wykonanie: <a href=\"https:\/\/www.mal.net.pl\" target=\"_blank\" rel=\"noopener\">mal.net.pl<\/a><\/p>\n<p>[\/vc_column_text][\/vc_column_inner][\/vc_row_inner][\/vc_column][\/vc_row]<\/p>\n<\/div>","protected":false},"excerpt":{"rendered":"<p>[vc_section full_width=&#8221;stretch_row&#8221; woodmart_stretch_content=&#8221;section-stretch&#8221; el_class=&#8221;footer-sekcja&#8221; woodmart_css_id=&#8221;69c3c6c3c7518&#8243; responsive_spacing=&#8221;eyJwYXJhbV90eXBlIjoid29vZG1hcnRfcmVzcG9uc2l2ZV9zcGFjaW5nIiwic2VsZWN0b3JfaWQiOiI2OWMzYzZjM2M3NTE4Iiwic2hvcnRjb2RlIjoidmNfc2VjdGlvbiIsImRhdGEiOnsidGFibGV0Ijp7fSwibW9iaWxlIjp7fX19&#8243; mobile_bg_img_hidden=&#8221;no&#8221; tablet_bg_img_hidden=&#8221;no&#8221; woodmart_parallax=&#8221;0&#8243; woodmart_gradient_switch=&#8221;no&#8221; woodmart_box_shadow=&#8221;no&#8221; wd_z_index=&#8221;no&#8221; woodmart_disable_overflow=&#8221;0&#8243;][vc_row full_width=&#8221;stretch_row&#8221; el_class=&#8221;pgs-kontakt pgs-kontakt-header&#8221;][vc_column][\/vc_column][\/vc_row][vc_row full_width=&#8221;stretch_row&#8221; gap=&#8221;35&#8243; content_placement=&#8221;middle&#8221; el_class=&#8221;pgs-kontakt<\/p>\n","protected":false},"author":1,"featured_media":0,"parent":0,"menu_order":0,"comment_status":"closed","ping_status":"closed","template":"","meta":{"footnotes":""},"class_list":["post-10572","page","type-page","status-publish","hentry"],"yoast_head":"<!-- This site is optimized with the Yoast SEO plugin v27.3 - https:\/\/yoast.com\/product\/yoast-seo-wordpress\/ -->\n<title>Kontakt - PGS Polska Grupa Serwisowa<\/title>\n<meta name=\"robots\" content=\"index, follow, max-snippet:-1, max-image-preview:large, max-video-preview:-1\" \/>\n<link rel=\"canonical\" href=\"https:\/\/pgs-service.com\/?page_id=10572\" \/>\n<meta property=\"og:locale\" content=\"pl_PL\" \/>\n<meta property=\"og:type\" content=\"article\" \/>\n<meta property=\"og:title\" content=\"Kontakt - PGS Polska Grupa Serwisowa\" \/>\n<meta property=\"og:description\" content=\"[vc_section full_width=&#8221;stretch_row&#8221; woodmart_stretch_content=&#8221;section-stretch&#8221; el_class=&#8221;footer-sekcja&#8221; woodmart_css_id=&#8221;69c3c6c3c7518&#8243; responsive_spacing=&#8221;eyJwYXJhbV90eXBlIjoid29vZG1hcnRfcmVzcG9uc2l2ZV9zcGFjaW5nIiwic2VsZWN0b3JfaWQiOiI2OWMzYzZjM2M3NTE4Iiwic2hvcnRjb2RlIjoidmNfc2VjdGlvbiIsImRhdGEiOnsidGFibGV0Ijp7fSwibW9iaWxlIjp7fX19&#8243; mobile_bg_img_hidden=&#8221;no&#8221; tablet_bg_img_hidden=&#8221;no&#8221; woodmart_parallax=&#8221;0&#8243; woodmart_gradient_switch=&#8221;no&#8221; woodmart_box_shadow=&#8221;no&#8221; wd_z_index=&#8221;no&#8221; woodmart_disable_overflow=&#8221;0&#8243;][vc_row full_width=&#8221;stretch_row&#8221; el_class=&#8221;pgs-kontakt pgs-kontakt-header&#8221;][vc_column][\/vc_column][\/vc_row][vc_row full_width=&#8221;stretch_row&#8221; gap=&#8221;35&#8243; content_placement=&#8221;middle&#8221; el_class=&#8221;pgs-kontakt\" \/>\n<meta property=\"og:url\" content=\"https:\/\/pgs-service.com\/?page_id=10572\" \/>\n<meta property=\"og:site_name\" content=\"PGS Polska Grupa Serwisowa\" \/>\n<meta property=\"article:modified_time\" content=\"2026-03-27T08:54:32+00:00\" \/>\n<meta property=\"og:image\" content=\"http:\/\/pgs-service.com\/wp-content\/uploads\/2026\/03\/Linkedin.png\" \/>\n<meta name=\"twitter:card\" content=\"summary_large_image\" \/>\n<meta name=\"twitter:label1\" content=\"Szacowany czas czytania\" \/>\n\t<meta name=\"twitter:data1\" content=\"2 minuty\" \/>\n<script type=\"application\/ld+json\" class=\"yoast-schema-graph\">{\"@context\":\"https:\\\/\\\/schema.org\",\"@graph\":[{\"@type\":\"WebPage\",\"@id\":\"https:\\\/\\\/pgs-service.com\\\/?page_id=10572\",\"url\":\"https:\\\/\\\/pgs-service.com\\\/?page_id=10572\",\"name\":\"Kontakt - PGS Polska Grupa Serwisowa\",\"isPartOf\":{\"@id\":\"https:\\\/\\\/pgs-service.com\\\/#website\"},\"primaryImageOfPage\":{\"@id\":\"https:\\\/\\\/pgs-service.com\\\/?page_id=10572#primaryimage\"},\"image\":{\"@id\":\"https:\\\/\\\/pgs-service.com\\\/?page_id=10572#primaryimage\"},\"thumbnailUrl\":\"http:\\\/\\\/pgs-service.com\\\/wp-content\\\/uploads\\\/2026\\\/03\\\/Linkedin.png\",\"datePublished\":\"2025-04-10T08:33:00+00:00\",\"dateModified\":\"2026-03-27T08:54:32+00:00\",\"breadcrumb\":{\"@id\":\"https:\\\/\\\/pgs-service.com\\\/?page_id=10572#breadcrumb\"},\"inLanguage\":\"pl-PL\",\"potentialAction\":[{\"@type\":\"ReadAction\",\"target\":[\"https:\\\/\\\/pgs-service.com\\\/?page_id=10572\"]}]},{\"@type\":\"ImageObject\",\"inLanguage\":\"pl-PL\",\"@id\":\"https:\\\/\\\/pgs-service.com\\\/?page_id=10572#primaryimage\",\"url\":\"https:\\\/\\\/pgs-service.com\\\/wp-content\\\/uploads\\\/2026\\\/03\\\/Linkedin.png\",\"contentUrl\":\"https:\\\/\\\/pgs-service.com\\\/wp-content\\\/uploads\\\/2026\\\/03\\\/Linkedin.png\",\"width\":30,\"height\":30},{\"@type\":\"BreadcrumbList\",\"@id\":\"https:\\\/\\\/pgs-service.com\\\/?page_id=10572#breadcrumb\",\"itemListElement\":[{\"@type\":\"ListItem\",\"position\":1,\"name\":\"Strona g\u0142\u00f3wna\",\"item\":\"https:\\\/\\\/pgs-service.com\\\/\"},{\"@type\":\"ListItem\",\"position\":2,\"name\":\"Kontakt\"}]},{\"@type\":\"WebSite\",\"@id\":\"https:\\\/\\\/pgs-service.com\\\/#website\",\"url\":\"https:\\\/\\\/pgs-service.com\\\/\",\"name\":\"PGS Polska Grupa Serwisowa\",\"description\":\"Serwis wir\u00f3wek i dekanter\u00f3w\",\"potentialAction\":[{\"@type\":\"SearchAction\",\"target\":{\"@type\":\"EntryPoint\",\"urlTemplate\":\"https:\\\/\\\/pgs-service.com\\\/?s={search_term_string}\"},\"query-input\":{\"@type\":\"PropertyValueSpecification\",\"valueRequired\":true,\"valueName\":\"search_term_string\"}}],\"inLanguage\":\"pl-PL\"}]}<\/script>\n<!-- \/ Yoast SEO plugin. -->","yoast_head_json":{"title":"Kontakt - PGS Polska Grupa Serwisowa","robots":{"index":"index","follow":"follow","max-snippet":"max-snippet:-1","max-image-preview":"max-image-preview:large","max-video-preview":"max-video-preview:-1"},"canonical":"https:\/\/pgs-service.com\/?page_id=10572","og_locale":"pl_PL","og_type":"article","og_title":"Kontakt - PGS Polska Grupa Serwisowa","og_description":"[vc_section full_width=&#8221;stretch_row&#8221; woodmart_stretch_content=&#8221;section-stretch&#8221; el_class=&#8221;footer-sekcja&#8221; woodmart_css_id=&#8221;69c3c6c3c7518&#8243; responsive_spacing=&#8221;eyJwYXJhbV90eXBlIjoid29vZG1hcnRfcmVzcG9uc2l2ZV9zcGFjaW5nIiwic2VsZWN0b3JfaWQiOiI2OWMzYzZjM2M3NTE4Iiwic2hvcnRjb2RlIjoidmNfc2VjdGlvbiIsImRhdGEiOnsidGFibGV0Ijp7fSwibW9iaWxlIjp7fX19&#8243; mobile_bg_img_hidden=&#8221;no&#8221; tablet_bg_img_hidden=&#8221;no&#8221; woodmart_parallax=&#8221;0&#8243; woodmart_gradient_switch=&#8221;no&#8221; woodmart_box_shadow=&#8221;no&#8221; wd_z_index=&#8221;no&#8221; woodmart_disable_overflow=&#8221;0&#8243;][vc_row full_width=&#8221;stretch_row&#8221; el_class=&#8221;pgs-kontakt pgs-kontakt-header&#8221;][vc_column][\/vc_column][\/vc_row][vc_row full_width=&#8221;stretch_row&#8221; gap=&#8221;35&#8243; content_placement=&#8221;middle&#8221; el_class=&#8221;pgs-kontakt","og_url":"https:\/\/pgs-service.com\/?page_id=10572","og_site_name":"PGS Polska Grupa Serwisowa","article_modified_time":"2026-03-27T08:54:32+00:00","og_image":[{"url":"http:\/\/pgs-service.com\/wp-content\/uploads\/2026\/03\/Linkedin.png","type":"","width":"","height":""}],"twitter_card":"summary_large_image","twitter_misc":{"Szacowany czas czytania":"2 minuty"},"schema":{"@context":"https:\/\/schema.org","@graph":[{"@type":"WebPage","@id":"https:\/\/pgs-service.com\/?page_id=10572","url":"https:\/\/pgs-service.com\/?page_id=10572","name":"Kontakt - PGS Polska Grupa Serwisowa","isPartOf":{"@id":"https:\/\/pgs-service.com\/#website"},"primaryImageOfPage":{"@id":"https:\/\/pgs-service.com\/?page_id=10572#primaryimage"},"image":{"@id":"https:\/\/pgs-service.com\/?page_id=10572#primaryimage"},"thumbnailUrl":"http:\/\/pgs-service.com\/wp-content\/uploads\/2026\/03\/Linkedin.png","datePublished":"2025-04-10T08:33:00+00:00","dateModified":"2026-03-27T08:54:32+00:00","breadcrumb":{"@id":"https:\/\/pgs-service.com\/?page_id=10572#breadcrumb"},"inLanguage":"pl-PL","potentialAction":[{"@type":"ReadAction","target":["https:\/\/pgs-service.com\/?page_id=10572"]}]},{"@type":"ImageObject","inLanguage":"pl-PL","@id":"https:\/\/pgs-service.com\/?page_id=10572#primaryimage","url":"https:\/\/pgs-service.com\/wp-content\/uploads\/2026\/03\/Linkedin.png","contentUrl":"https:\/\/pgs-service.com\/wp-content\/uploads\/2026\/03\/Linkedin.png","width":30,"height":30},{"@type":"BreadcrumbList","@id":"https:\/\/pgs-service.com\/?page_id=10572#breadcrumb","itemListElement":[{"@type":"ListItem","position":1,"name":"Strona g\u0142\u00f3wna","item":"https:\/\/pgs-service.com\/"},{"@type":"ListItem","position":2,"name":"Kontakt"}]},{"@type":"WebSite","@id":"https:\/\/pgs-service.com\/#website","url":"https:\/\/pgs-service.com\/","name":"PGS Polska Grupa Serwisowa","description":"Serwis wir\u00f3wek i dekanter\u00f3w","potentialAction":[{"@type":"SearchAction","target":{"@type":"EntryPoint","urlTemplate":"https:\/\/pgs-service.com\/?s={search_term_string}"},"query-input":{"@type":"PropertyValueSpecification","valueRequired":true,"valueName":"search_term_string"}}],"inLanguage":"pl-PL"}]}},"_links":{"self":[{"href":"https:\/\/pgs-service.com\/index.php?rest_route=\/wp\/v2\/pages\/10572","targetHints":{"allow":["GET"]}}],"collection":[{"href":"https:\/\/pgs-service.com\/index.php?rest_route=\/wp\/v2\/pages"}],"about":[{"href":"https:\/\/pgs-service.com\/index.php?rest_route=\/wp\/v2\/types\/page"}],"author":[{"embeddable":true,"href":"https:\/\/pgs-service.com\/index.php?rest_route=\/wp\/v2\/users\/1"}],"replies":[{"embeddable":true,"href":"https:\/\/pgs-service.com\/index.php?rest_route=%2Fwp%2Fv2%2Fcomments&post=10572"}],"version-history":[{"count":18,"href":"https:\/\/pgs-service.com\/index.php?rest_route=\/wp\/v2\/pages\/10572\/revisions"}],"predecessor-version":[{"id":14211,"href":"https:\/\/pgs-service.com\/index.php?rest_route=\/wp\/v2\/pages\/10572\/revisions\/14211"}],"wp:attachment":[{"href":"https:\/\/pgs-service.com\/index.php?rest_route=%2Fwp%2Fv2%2Fmedia&parent=10572"}],"curies":[{"name":"wp","href":"https:\/\/api.w.org\/{rel}","templated":true}]}}