{"id":12635,"date":"2025-07-01T14:37:38","date_gmt":"2025-07-01T14:37:38","guid":{"rendered":"https:\/\/pgs-service.com\/?page_id=12635"},"modified":"2026-03-30T09:06:00","modified_gmt":"2026-03-30T09:06:00","slug":"o-firmie","status":"publish","type":"page","link":"https:\/\/pgs-service.com\/?page_id=12635","title":{"rendered":"O firmie"},"content":{"rendered":"<div class=\"wpb-content-wrapper\"><p>[vc_row full_width=&#8221;stretch_row&#8221; gap=&#8221;35&#8243; content_placement=&#8221;middle&#8221; woodmart_stretch_content=&#8221;section-stretch&#8221; el_class=&#8221;pgs-cechy pgs-cechy-row&#8221; woodmart_css_id=&#8221;69c3aac2e4b19&#8243; responsive_spacing=&#8221;eyJwYXJhbV90eXBlIjoid29vZG1hcnRfcmVzcG9uc2l2ZV9zcGFjaW5nIiwic2VsZWN0b3JfaWQiOiI2OWMzYWFjMmU0YjE5Iiwic2hvcnRjb2RlIjoidmNfcm93IiwiZGF0YSI6eyJ0YWJsZXQiOnt9LCJtb2JpbGUiOnt9fX0=&#8221; mobile_bg_img_hidden=&#8221;no&#8221; tablet_bg_img_hidden=&#8221;no&#8221; woodmart_parallax=&#8221;0&#8243; woodmart_gradient_switch=&#8221;no&#8221; woodmart_box_shadow=&#8221;no&#8221; wd_z_index=&#8221;no&#8221; woodmart_disable_overflow=&#8221;0&#8243; row_reverse_mobile=&#8221;0&#8243; row_reverse_tablet=&#8221;0&#8243;][vc_column width=&#8221;1\/2&#8243; el_class=&#8221;pgs-foto-br&#8221;]\n\t\t<div id=\"wd-69c63f863dbcb\" class=\"title-wrapper wd-wpb wd-set-mb reset-last-child  wd-rs-69c63f863dbcb wd-title-color-default wd-title-style-default text-left tytulek2  wd-underline-colored\">\n\t\t\t\n\t\t\t<div class=\"liner-continer\">\n\t\t\t\t<h2 class=\"woodmart-title-container title  wd-font-weight- wd-fontsize-l\" >O FIRMIE PGS<\/h2>\n\t\t\t\t\t\t\t<\/div>\n\t\t\t\n\t\t\t\n\t\t\t\n\t\t<\/div>\n\t\t\n\t\t[vc_column_text css=&#8221;&#8221; woodmart_inline=&#8221;no&#8221; text_larger=&#8221;no&#8221;]PGS Polska Grupa Serwisowa powsta\u0142a w 2017 roku z pomys\u0142u stworzenia silnej organizacji serwisowej na polskim rynku.<\/p>\n<p>Od pocz\u0105tku wiedzieli\u015bmy, \u017ce chcemy dzia\u0142a\u0107 inaczej ni\u017c typowe firmy \u2013 bez sztywnych hierarchii, bez korporacyjnych schemat\u00f3w, za to z lud\u017ami, kt\u00f3rzy potrafi\u0105 najlepiej wykorzysta\u0107 swoje do\u015bwiadczenie i predyspozycje.[\/vc_column_text][\/vc_column][vc_column width=&#8221;1\/2&#8243;][vc_single_image image=&#8221;13909&#8243; img_size=&#8221;full&#8221; alignment=&#8221;right&#8221; css=&#8221;&#8221; parallax_scroll=&#8221;no&#8221; woodmart_inline=&#8221;no&#8221;][\/vc_column][\/vc_row][vc_row full_width=&#8221;stretch_row&#8221; gap=&#8221;35&#8243; content_placement=&#8221;middle&#8221; woodmart_stretch_content=&#8221;section-stretch&#8221; el_class=&#8221;pgs-cechy pgs-cechy-row&#8221; woodmart_css_id=&#8221;69c3aac2e4b19&#8243; responsive_spacing=&#8221;eyJwYXJhbV90eXBlIjoid29vZG1hcnRfcmVzcG9uc2l2ZV9zcGFjaW5nIiwic2VsZWN0b3JfaWQiOiI2OWMzYWFjMmU0YjE5Iiwic2hvcnRjb2RlIjoidmNfcm93IiwiZGF0YSI6eyJ0YWJsZXQiOnt9LCJtb2JpbGUiOnt9fX0=&#8221; mobile_bg_img_hidden=&#8221;no&#8221; tablet_bg_img_hidden=&#8221;no&#8221; woodmart_parallax=&#8221;0&#8243; woodmart_gradient_switch=&#8221;no&#8221; woodmart_box_shadow=&#8221;no&#8221; wd_z_index=&#8221;no&#8221; woodmart_disable_overflow=&#8221;0&#8243; row_reverse_mobile=&#8221;0&#8243; row_reverse_tablet=&#8221;0&#8243;][vc_column width=&#8221;1\/2&#8243;][vc_single_image image=&#8221;13910&#8243; img_size=&#8221;full&#8221; css=&#8221;&#8221; parallax_scroll=&#8221;no&#8221; woodmart_inline=&#8221;no&#8221;][\/vc_column][vc_column width=&#8221;1\/2&#8243; el_class=&#8221;pgs-foto-br&#8221;][vc_column_text css=&#8221;&#8221; woodmart_inline=&#8221;no&#8221; text_larger=&#8221;no&#8221;]Kierujemy si\u0119 zasadami <strong>turkusowej organizacji<\/strong> \u2013 ka\u017cdy z nas bierze odpowiedzialno\u015b\u0107 za swoj\u0105 prac\u0119, a jednocze\u015bnie razem podejmujemy decyzje o strategii, kierunku dzia\u0142ania i rozwoju firmy. Dzi\u0119ki temu PGS to nie tylko zesp\u00f3\u0142 mechanik\u00f3w, lecz tak\u017ce spo\u0142eczno\u015b\u0107 ludzi, kt\u00f3rzy naprawd\u0119 wierz\u0105 w to, co robi\u0105.<\/p>\n<p>Nasze logo nie jest przypadkowe. <strong>Tarcza<\/strong> symbolizuje opiek\u0119, jak\u0105 otaczamy naszych klient\u00f3w, ale te\u017c <strong>odwag\u0119 i honor<\/strong>, kt\u00f3re towarzysz\u0105 nam w codziennej pracy. <strong>Ziele\u0144<\/strong> to kolor spokoju i bezpiecze\u0144stwa \u2013 warto\u015bci, kt\u00f3re chcemy dawa\u0107 naszym partnerom, dbaj\u0105c o ich maszyny i procesy produkcyjne.[\/vc_column_text][\/vc_column][\/vc_row][vc_row full_width=&#8221;stretch_row&#8221; gap=&#8221;35&#8243; content_placement=&#8221;middle&#8221; woodmart_stretch_content=&#8221;section-stretch&#8221; el_class=&#8221;pgs-cechy pgs-cechy-row&#8221; woodmart_css_id=&#8221;69c3aac2e4b19&#8243; responsive_spacing=&#8221;eyJwYXJhbV90eXBlIjoid29vZG1hcnRfcmVzcG9uc2l2ZV9zcGFjaW5nIiwic2VsZWN0b3JfaWQiOiI2OWMzYWFjMmU0YjE5Iiwic2hvcnRjb2RlIjoidmNfcm93IiwiZGF0YSI6eyJ0YWJsZXQiOnt9LCJtb2JpbGUiOnt9fX0=&#8221; mobile_bg_img_hidden=&#8221;no&#8221; tablet_bg_img_hidden=&#8221;no&#8221; woodmart_parallax=&#8221;0&#8243; woodmart_gradient_switch=&#8221;no&#8221; woodmart_box_shadow=&#8221;no&#8221; wd_z_index=&#8221;no&#8221; woodmart_disable_overflow=&#8221;0&#8243; row_reverse_mobile=&#8221;0&#8243; row_reverse_tablet=&#8221;0&#8243;][vc_column width=&#8221;1\/2&#8243; el_class=&#8221;pgs-foto-br&#8221;][vc_column_text css=&#8221;&#8221; woodmart_inline=&#8221;no&#8221; text_larger=&#8221;no&#8221;]Dzi\u015b jeste\u015bmy dumni z tego, \u017ce zbudowali\u015bmy organizacj\u0119, kt\u00f3rej fundamentem s\u0105 <strong>wiedza, odpowiedzialno\u015b\u0107 i wzajemne zaufanie<\/strong>. Dzi\u0119ki temu nasi klienci wiedz\u0105, \u017ce powierzaj\u0105c nam swoje urz\u0105dzenia, powierzaj\u0105 je w dobre r\u0119ce.[\/vc_column_text][\/vc_column][vc_column width=&#8221;1\/2&#8243;][vc_single_image image=&#8221;13911&#8243; img_size=&#8221;full&#8221; css=&#8221;&#8221; parallax_scroll=&#8221;no&#8221; woodmart_inline=&#8221;no&#8221;][\/vc_column][\/vc_row][vc_row full_width=&#8221;stretch_row&#8221; content_placement=&#8221;middle&#8221; el_class=&#8221;pgs-uslugi&#8221;][vc_column][vc_row_inner gap=&#8221;35&#8243; el_class=&#8221;szeroki-zakres-row&#8221; woodmart_css_id=&#8221;69c3af5d88265&#8243; responsive_spacing=&#8221;eyJwYXJhbV90eXBlIjoid29vZG1hcnRfcmVzcG9uc2l2ZV9zcGFjaW5nIiwic2VsZWN0b3JfaWQiOiI2OWMzYWY1ZDg4MjY1Iiwic2hvcnRjb2RlIjoidmNfcm93X2lubmVyIiwiZGF0YSI6eyJ0YWJsZXQiOnt9LCJtb2JpbGUiOnt9fX0=&#8221; mobile_bg_img_hidden=&#8221;no&#8221; tablet_bg_img_hidden=&#8221;no&#8221; woodmart_parallax=&#8221;0&#8243; woodmart_gradient_switch=&#8221;no&#8221; woodmart_box_shadow=&#8221;no&#8221; wd_z_index=&#8221;no&#8221; woodmart_disable_overflow=&#8221;0&#8243; row_reverse_mobile=&#8221;0&#8243; row_reverse_tablet=&#8221;0&#8243;][vc_column_inner width=&#8221;1\/3&#8243;]\n\t\t<div id=\"wd-69c3adf4b24a8\" class=\"title-wrapper wd-wpb wd-set-mb reset-last-child  wd-rs-69c3adf4b24a8 wd-title-color-default wd-title-style-default text-left  wd-underline-colored\">\n\t\t\t\n\t\t\t<div class=\"liner-continer\">\n\t\t\t\t<h2 class=\"woodmart-title-container title  wd-font-weight- wd-fontsize-l\" >Oferujemy szeroki zakres us\u0142ug, takich jak:<\/h2>\n\t\t\t\t\t\t\t<\/div>\n\t\t\t\n\t\t\t\n\t\t\t\n\t\t<\/div>\n\t\t\n\t\t[\/vc_column_inner][vc_column_inner width=&#8221;1\/3&#8243;]\t\t\t<div class=\"info-box-wrapper\">\n\t\t\t\t<div id=\"wd-69e1c941a33f0\" class=\" wd-info-box wd-wpb text-center box-icon-align-top box-style- color-scheme- wd-bg-none \">\n\t\t\t\t\t\t\t\t\t\t\t<div class=\"box-icon-wrapper  box-with-icon box-icon-simple\">\n\t\t\t\t\t\t\t<div class=\"info-box-icon\">\n\n\t\t\t\t\t\t\t\n\t\t\t\t\t\t\t\t\t\t\t\t\t\t\t\t\t<img loading=\"lazy\" decoding=\"async\" width=\"110\" height=\"103\" src=\"https:\/\/pgs-service.com\/wp-content\/uploads\/2026\/03\/ikona_1.png\" class=\"attachment-800x600 size-800x600\" alt=\"\" \/>\t\t\t\t\t\t\t\t\t\t\t\t\t\t\t\n\t\t\t\t\t\t\t<\/div>\n\t\t\t\t\t\t<\/div>\n\t\t\t\t\t\t\t\t\t\t<div class=\"info-box-content\">\n\t\t\t\t\t\t<h4 class=\"info-box-title title box-title-style-default wd-fontsize-m\">Remonty wir\u00f3wek i dekanter\u00f3w<\/h4>\t\t\t\t\t\t<div class=\"info-box-inner reset-last-child\"><\/div>\n\n\t\t\t\t\t\t\t\t\t\t\t<\/div>\n\n\t\t\t\t\t\n\t\t\t\t\t\t\t\t\t<\/div>\n\t\t\t<\/div>\n\t\t[\/vc_column_inner][vc_column_inner width=&#8221;1\/3&#8243;]\t\t\t<div class=\"info-box-wrapper\">\n\t\t\t\t<div id=\"wd-69e1c941a3d4f\" class=\" wd-info-box wd-wpb text-center box-icon-align-top box-style- color-scheme- wd-bg-none \">\n\t\t\t\t\t\t\t\t\t\t\t<div class=\"box-icon-wrapper  box-with-icon box-icon-simple\">\n\t\t\t\t\t\t\t<div class=\"info-box-icon\">\n\n\t\t\t\t\t\t\t\n\t\t\t\t\t\t\t\t\t\t\t\t\t\t\t\t\t<img loading=\"lazy\" decoding=\"async\" width=\"110\" height=\"107\" src=\"https:\/\/pgs-service.com\/wp-content\/uploads\/2026\/03\/ikona_2.png\" class=\"attachment-800x600 size-800x600\" alt=\"\" \/>\t\t\t\t\t\t\t\t\t\t\t\t\t\t\t\n\t\t\t\t\t\t\t<\/div>\n\t\t\t\t\t\t<\/div>\n\t\t\t\t\t\t\t\t\t\t<div class=\"info-box-content\">\n\t\t\t\t\t\t<h4 class=\"info-box-title title box-title-style-default wd-fontsize-m\">Serwis homogenizator\u00f3w<\/h4>\t\t\t\t\t\t<div class=\"info-box-inner reset-last-child\"><\/div>\n\n\t\t\t\t\t\t\t\t\t\t\t<\/div>\n\n\t\t\t\t\t\n\t\t\t\t\t\t\t\t\t<\/div>\n\t\t\t<\/div>\n\t\t[\/vc_column_inner][\/vc_row_inner][vc_row_inner gap=&#8221;35&#8243; el_class=&#8221;szeroki-zakres-row&#8221; woodmart_css_id=&#8221;69c3afa25a753&#8243; responsive_spacing=&#8221;eyJwYXJhbV90eXBlIjoid29vZG1hcnRfcmVzcG9uc2l2ZV9zcGFjaW5nIiwic2VsZWN0b3JfaWQiOiI2OWMzYWZhMjVhNzUzIiwic2hvcnRjb2RlIjoidmNfcm93X2lubmVyIiwiZGF0YSI6eyJ0YWJsZXQiOnt9LCJtb2JpbGUiOnt9fX0=&#8221; mobile_bg_img_hidden=&#8221;no&#8221; tablet_bg_img_hidden=&#8221;no&#8221; woodmart_parallax=&#8221;0&#8243; woodmart_gradient_switch=&#8221;no&#8221; woodmart_box_shadow=&#8221;no&#8221; wd_z_index=&#8221;no&#8221; woodmart_disable_overflow=&#8221;0&#8243; row_reverse_mobile=&#8221;0&#8243; row_reverse_tablet=&#8221;0&#8243;][vc_column_inner width=&#8221;1\/3&#8243;]\t\t\t<div class=\"info-box-wrapper\">\n\t\t\t\t<div id=\"wd-69e1c941a40fc\" class=\" wd-info-box wd-wpb text-center box-icon-align-top box-style- color-scheme- wd-bg-none \">\n\t\t\t\t\t\t\t\t\t\t\t<div class=\"box-icon-wrapper  box-with-icon box-icon-simple\">\n\t\t\t\t\t\t\t<div class=\"info-box-icon\">\n\n\t\t\t\t\t\t\t\n\t\t\t\t\t\t\t\t\t\t\t\t\t\t\t\t\t<img loading=\"lazy\" decoding=\"async\" width=\"100\" height=\"103\" src=\"https:\/\/pgs-service.com\/wp-content\/uploads\/2026\/03\/ikona_3.png\" class=\"attachment-800x600 size-800x600\" alt=\"\" \/>\t\t\t\t\t\t\t\t\t\t\t\t\t\t\t\n\t\t\t\t\t\t\t<\/div>\n\t\t\t\t\t\t<\/div>\n\t\t\t\t\t\t\t\t\t\t<div class=\"info-box-content\">\n\t\t\t\t\t\t<h4 class=\"info-box-title title box-title-style-default wd-fontsize-m\">Serwis w zak\u0142adach naszych klient\u00f3w, jak i we w\u0142asnym warsztacie<\/h4>\t\t\t\t\t\t<div class=\"info-box-inner reset-last-child\"><\/div>\n\n\t\t\t\t\t\t\t\t\t\t\t<\/div>\n\n\t\t\t\t\t\n\t\t\t\t\t\t\t\t\t<\/div>\n\t\t\t<\/div>\n\t\t[\/vc_column_inner][vc_column_inner width=&#8221;1\/3&#8243;]\t\t\t<div class=\"info-box-wrapper\">\n\t\t\t\t<div id=\"wd-69e1c941a4500\" class=\" wd-info-box wd-wpb text-center box-icon-align-top box-style- color-scheme- wd-bg-none \">\n\t\t\t\t\t\t\t\t\t\t\t<div class=\"box-icon-wrapper  box-with-icon box-icon-simple\">\n\t\t\t\t\t\t\t<div class=\"info-box-icon\">\n\n\t\t\t\t\t\t\t\n\t\t\t\t\t\t\t\t\t\t\t\t\t\t\t\t\t<img loading=\"lazy\" decoding=\"async\" width=\"100\" height=\"100\" src=\"https:\/\/pgs-service.com\/wp-content\/uploads\/2026\/03\/ikona_4.png\" class=\"attachment-800x600 size-800x600\" alt=\"\" \/>\t\t\t\t\t\t\t\t\t\t\t\t\t\t\t\n\t\t\t\t\t\t\t<\/div>\n\t\t\t\t\t\t<\/div>\n\t\t\t\t\t\t\t\t\t\t<div class=\"info-box-content\">\n\t\t\t\t\t\t<h4 class=\"info-box-title title box-title-style-default wd-fontsize-m\">Przegl\u0105dy okresowe<\/h4>\t\t\t\t\t\t<div class=\"info-box-inner reset-last-child\"><\/div>\n\n\t\t\t\t\t\t\t\t\t\t\t<\/div>\n\n\t\t\t\t\t\n\t\t\t\t\t\t\t\t\t<\/div>\n\t\t\t<\/div>\n\t\t[\/vc_column_inner][vc_column_inner width=&#8221;1\/3&#8243;]\t\t\t<div class=\"info-box-wrapper\">\n\t\t\t\t<div id=\"wd-69e1c941a48c5\" class=\" wd-info-box wd-wpb text-center box-icon-align-top box-style- color-scheme- wd-bg-none \">\n\t\t\t\t\t\t\t\t\t\t\t<div class=\"box-icon-wrapper  box-with-icon box-icon-simple\">\n\t\t\t\t\t\t\t<div class=\"info-box-icon\">\n\n\t\t\t\t\t\t\t\n\t\t\t\t\t\t\t\t\t\t\t\t\t\t\t\t\t<img loading=\"lazy\" decoding=\"async\" width=\"100\" height=\"99\" src=\"https:\/\/pgs-service.com\/wp-content\/uploads\/2026\/03\/ikona_5.png\" class=\"attachment-800x600 size-800x600\" alt=\"\" \/>\t\t\t\t\t\t\t\t\t\t\t\t\t\t\t\n\t\t\t\t\t\t\t<\/div>\n\t\t\t\t\t\t<\/div>\n\t\t\t\t\t\t\t\t\t\t<div class=\"info-box-content\">\n\t\t\t\t\t\t<h4 class=\"info-box-title title box-title-style-default wd-fontsize-m\">Regeneracja i wymiana podzespo\u0142\u00f3w<\/h4>\t\t\t\t\t\t<div class=\"info-box-inner reset-last-child\"><\/div>\n\n\t\t\t\t\t\t\t\t\t\t\t<\/div>\n\n\t\t\t\t\t\n\t\t\t\t\t\t\t\t\t<\/div>\n\t\t\t<\/div>\n\t\t[\/vc_column_inner][\/vc_row_inner][\/vc_column][\/vc_row][vc_row full_width=&#8221;stretch_row&#8221; woodmart_css_id=&#8221;69c642de850bc&#8221; responsive_spacing=&#8221;eyJwYXJhbV90eXBlIjoid29vZG1hcnRfcmVzcG9uc2l2ZV9zcGFjaW5nIiwic2VsZWN0b3JfaWQiOiI2OWM2NDJkZTg1MGJjIiwic2hvcnRjb2RlIjoidmNfcm93IiwiZGF0YSI6eyJ0YWJsZXQiOnt9LCJtb2JpbGUiOnt9fX0=&#8221; mobile_bg_img_hidden=&#8221;no&#8221; tablet_bg_img_hidden=&#8221;no&#8221; woodmart_parallax=&#8221;0&#8243; woodmart_gradient_switch=&#8221;no&#8221; woodmart_box_shadow=&#8221;no&#8221; wd_z_index=&#8221;no&#8221; woodmart_disable_overflow=&#8221;0&#8243; row_reverse_mobile=&#8221;0&#8243; row_reverse_tablet=&#8221;0&#8243; el_class=&#8221;ofirmie-podstrona&#8221;][vc_column]\t\t<div id=\"wd-69ca3cc7ddbdb\" class=\"wd-text-block wd-wpb reset-last-child wd-rs-69ca3cc7ddbdb text-left \">\n\t\t\t<p class=\"pgs-subtitle\" style=\"text-align: left;\">PGS dostarcza <strong>cz\u0119\u015bci zamienne i podzespo\u0142y do wir\u00f3wek, dekantor\u00f3w i homogenizator\u00f3w<\/strong> &#8211; zawsze sprawdzone, trwa\u0142e i w konkurencyjnych cenach. Dzi\u0119ki temu Twoje maszyny dzia\u0142aj\u0105 bezawaryjnie i d\u0142ugo.<\/p>\n<p class=\"pgs-subtitle\" style=\"text-align: left;\">Specjalizujemy si\u0119 w obs\u0142udze popularnych na naszym rynku maszyn:<\/p>\n<ul>\n<li class=\"pgs-subtitle\" style=\"text-align: left;\">wir\u00f3wki i dekantery GEA Westfalia,<\/li>\n<li class=\"pgs-subtitle\" style=\"text-align: left;\">homogenizatory GEA Niro Soavi,<\/li>\n<li>homogenizatory HST,<\/li>\n<li class=\"pgs-subtitle\" style=\"text-align: left;\">wir\u00f3wki i dekantery HAUS,<\/li>\n<li class=\"pgs-subtitle\" style=\"text-align: left;\">wir\u00f3wki i dekantery Alfa Laval,<\/li>\n<li class=\"pgs-subtitle\" style=\"text-align: left;\">dekantery Flottweg.<\/li>\n<\/ul>\n<p>Nasze do\u015bwiadczenie obejmuje zar\u00f3wno wir\u00f3wki spo\u017cywcze, <strong>wir\u00f3wki przemys\u0142owe<\/strong> jak i <strong>dekantery do \u015bciek\u00f3w<\/strong>, co czyni nas partnerem dla wielu r\u00f3\u017cnych bran\u017c &#8211; od przemys\u0142u mleczarskiego po gospodark\u0119 wodno-\u015bciekow\u0105.<\/p>\n<p>\u015awiadczymy profesjonalne <strong>us\u0142ugi serwisowe urz\u0105dze\u0144 procesowych<\/strong> zar\u00f3wno w zak\u0142adach naszych klient\u00f3w, jak i we w\u0142asnym, w pe\u0142ni wyposa\u017conym warsztacie. Dzi\u0119ki temu mo\u017cemy dzia\u0142a\u0107 szybko, elastycznie i zawsze dopasowa\u0107 si\u0119 do Twoich potrzeb.<\/p>\n<p><strong>PGS &#8211; serwis, cz\u0119\u015bci i do\u015bwiadczenie, kt\u00f3re daj\u0105 Twoim maszynom drugie \u017cycie.<\/strong><\/p>\n\t\t<\/div>\n\t\t[\/vc_column][\/vc_row]<\/p>\n<\/div>","protected":false},"excerpt":{"rendered":"<p>[vc_row full_width=&#8221;stretch_row&#8221; gap=&#8221;35&#8243; content_placement=&#8221;middle&#8221; woodmart_stretch_content=&#8221;section-stretch&#8221; el_class=&#8221;pgs-cechy pgs-cechy-row&#8221; woodmart_css_id=&#8221;69c3aac2e4b19&#8243; responsive_spacing=&#8221;eyJwYXJhbV90eXBlIjoid29vZG1hcnRfcmVzcG9uc2l2ZV9zcGFjaW5nIiwic2VsZWN0b3JfaWQiOiI2OWMzYWFjMmU0YjE5Iiwic2hvcnRjb2RlIjoidmNfcm93IiwiZGF0YSI6eyJ0YWJsZXQiOnt9LCJtb2JpbGUiOnt9fX0=&#8221; mobile_bg_img_hidden=&#8221;no&#8221; tablet_bg_img_hidden=&#8221;no&#8221; woodmart_parallax=&#8221;0&#8243; woodmart_gradient_switch=&#8221;no&#8221; woodmart_box_shadow=&#8221;no&#8221; wd_z_index=&#8221;no&#8221; woodmart_disable_overflow=&#8221;0&#8243; row_reverse_mobile=&#8221;0&#8243; row_reverse_tablet=&#8221;0&#8243;][vc_column width=&#8221;1\/2&#8243; el_class=&#8221;pgs-foto-br&#8221;][vc_column_text<\/p>\n","protected":false},"author":1,"featured_media":0,"parent":0,"menu_order":0,"comment_status":"closed","ping_status":"closed","template":"","meta":{"footnotes":""},"class_list":["post-12635","page","type-page","status-publish","hentry"],"yoast_head":"<!-- This site is optimized with the Yoast SEO plugin v27.3 - https:\/\/yoast.com\/product\/yoast-seo-wordpress\/ -->\n<title>O firmie - PGS Polska Grupa Serwisowa<\/title>\n<meta name=\"robots\" content=\"index, follow, max-snippet:-1, max-image-preview:large, max-video-preview:-1\" \/>\n<link rel=\"canonical\" href=\"https:\/\/pgs-service.com\/?page_id=12635\" \/>\n<meta property=\"og:locale\" content=\"pl_PL\" \/>\n<meta property=\"og:type\" content=\"article\" \/>\n<meta property=\"og:title\" content=\"O firmie - PGS Polska Grupa Serwisowa\" \/>\n<meta property=\"og:description\" content=\"[vc_row full_width=&#8221;stretch_row&#8221; gap=&#8221;35&#8243; content_placement=&#8221;middle&#8221; woodmart_stretch_content=&#8221;section-stretch&#8221; el_class=&#8221;pgs-cechy pgs-cechy-row&#8221; woodmart_css_id=&#8221;69c3aac2e4b19&#8243; responsive_spacing=&#8221;eyJwYXJhbV90eXBlIjoid29vZG1hcnRfcmVzcG9uc2l2ZV9zcGFjaW5nIiwic2VsZWN0b3JfaWQiOiI2OWMzYWFjMmU0YjE5Iiwic2hvcnRjb2RlIjoidmNfcm93IiwiZGF0YSI6eyJ0YWJsZXQiOnt9LCJtb2JpbGUiOnt9fX0=&#8221; mobile_bg_img_hidden=&#8221;no&#8221; tablet_bg_img_hidden=&#8221;no&#8221; woodmart_parallax=&#8221;0&#8243; woodmart_gradient_switch=&#8221;no&#8221; woodmart_box_shadow=&#8221;no&#8221; wd_z_index=&#8221;no&#8221; woodmart_disable_overflow=&#8221;0&#8243; row_reverse_mobile=&#8221;0&#8243; row_reverse_tablet=&#8221;0&#8243;][vc_column width=&#8221;1\/2&#8243; el_class=&#8221;pgs-foto-br&#8221;][vc_column_text\" \/>\n<meta property=\"og:url\" content=\"https:\/\/pgs-service.com\/?page_id=12635\" \/>\n<meta property=\"og:site_name\" content=\"PGS Polska Grupa Serwisowa\" \/>\n<meta property=\"article:modified_time\" content=\"2026-03-30T09:06:00+00:00\" \/>\n<meta name=\"twitter:card\" content=\"summary_large_image\" \/>\n<meta name=\"twitter:label1\" content=\"Szacowany czas czytania\" \/>\n\t<meta name=\"twitter:data1\" content=\"3 minuty\" \/>\n<script type=\"application\/ld+json\" class=\"yoast-schema-graph\">{\"@context\":\"https:\\\/\\\/schema.org\",\"@graph\":[{\"@type\":\"WebPage\",\"@id\":\"https:\\\/\\\/pgs-service.com\\\/?page_id=12635\",\"url\":\"https:\\\/\\\/pgs-service.com\\\/?page_id=12635\",\"name\":\"O firmie - PGS Polska Grupa Serwisowa\",\"isPartOf\":{\"@id\":\"https:\\\/\\\/pgs-service.com\\\/#website\"},\"datePublished\":\"2025-07-01T14:37:38+00:00\",\"dateModified\":\"2026-03-30T09:06:00+00:00\",\"breadcrumb\":{\"@id\":\"https:\\\/\\\/pgs-service.com\\\/?page_id=12635#breadcrumb\"},\"inLanguage\":\"pl-PL\",\"potentialAction\":[{\"@type\":\"ReadAction\",\"target\":[\"https:\\\/\\\/pgs-service.com\\\/?page_id=12635\"]}]},{\"@type\":\"BreadcrumbList\",\"@id\":\"https:\\\/\\\/pgs-service.com\\\/?page_id=12635#breadcrumb\",\"itemListElement\":[{\"@type\":\"ListItem\",\"position\":1,\"name\":\"Strona g\u0142\u00f3wna\",\"item\":\"https:\\\/\\\/pgs-service.com\\\/\"},{\"@type\":\"ListItem\",\"position\":2,\"name\":\"O firmie\"}]},{\"@type\":\"WebSite\",\"@id\":\"https:\\\/\\\/pgs-service.com\\\/#website\",\"url\":\"https:\\\/\\\/pgs-service.com\\\/\",\"name\":\"PGS Polska Grupa Serwisowa\",\"description\":\"Serwis wir\u00f3wek i dekanter\u00f3w\",\"potentialAction\":[{\"@type\":\"SearchAction\",\"target\":{\"@type\":\"EntryPoint\",\"urlTemplate\":\"https:\\\/\\\/pgs-service.com\\\/?s={search_term_string}\"},\"query-input\":{\"@type\":\"PropertyValueSpecification\",\"valueRequired\":true,\"valueName\":\"search_term_string\"}}],\"inLanguage\":\"pl-PL\"}]}<\/script>\n<!-- \/ Yoast SEO plugin. -->","yoast_head_json":{"title":"O firmie - PGS Polska Grupa Serwisowa","robots":{"index":"index","follow":"follow","max-snippet":"max-snippet:-1","max-image-preview":"max-image-preview:large","max-video-preview":"max-video-preview:-1"},"canonical":"https:\/\/pgs-service.com\/?page_id=12635","og_locale":"pl_PL","og_type":"article","og_title":"O firmie - PGS Polska Grupa Serwisowa","og_description":"[vc_row full_width=&#8221;stretch_row&#8221; gap=&#8221;35&#8243; content_placement=&#8221;middle&#8221; woodmart_stretch_content=&#8221;section-stretch&#8221; el_class=&#8221;pgs-cechy pgs-cechy-row&#8221; woodmart_css_id=&#8221;69c3aac2e4b19&#8243; responsive_spacing=&#8221;eyJwYXJhbV90eXBlIjoid29vZG1hcnRfcmVzcG9uc2l2ZV9zcGFjaW5nIiwic2VsZWN0b3JfaWQiOiI2OWMzYWFjMmU0YjE5Iiwic2hvcnRjb2RlIjoidmNfcm93IiwiZGF0YSI6eyJ0YWJsZXQiOnt9LCJtb2JpbGUiOnt9fX0=&#8221; mobile_bg_img_hidden=&#8221;no&#8221; tablet_bg_img_hidden=&#8221;no&#8221; woodmart_parallax=&#8221;0&#8243; woodmart_gradient_switch=&#8221;no&#8221; woodmart_box_shadow=&#8221;no&#8221; wd_z_index=&#8221;no&#8221; woodmart_disable_overflow=&#8221;0&#8243; row_reverse_mobile=&#8221;0&#8243; row_reverse_tablet=&#8221;0&#8243;][vc_column width=&#8221;1\/2&#8243; el_class=&#8221;pgs-foto-br&#8221;][vc_column_text","og_url":"https:\/\/pgs-service.com\/?page_id=12635","og_site_name":"PGS Polska Grupa Serwisowa","article_modified_time":"2026-03-30T09:06:00+00:00","twitter_card":"summary_large_image","twitter_misc":{"Szacowany czas czytania":"3 minuty"},"schema":{"@context":"https:\/\/schema.org","@graph":[{"@type":"WebPage","@id":"https:\/\/pgs-service.com\/?page_id=12635","url":"https:\/\/pgs-service.com\/?page_id=12635","name":"O firmie - PGS Polska Grupa Serwisowa","isPartOf":{"@id":"https:\/\/pgs-service.com\/#website"},"datePublished":"2025-07-01T14:37:38+00:00","dateModified":"2026-03-30T09:06:00+00:00","breadcrumb":{"@id":"https:\/\/pgs-service.com\/?page_id=12635#breadcrumb"},"inLanguage":"pl-PL","potentialAction":[{"@type":"ReadAction","target":["https:\/\/pgs-service.com\/?page_id=12635"]}]},{"@type":"BreadcrumbList","@id":"https:\/\/pgs-service.com\/?page_id=12635#breadcrumb","itemListElement":[{"@type":"ListItem","position":1,"name":"Strona g\u0142\u00f3wna","item":"https:\/\/pgs-service.com\/"},{"@type":"ListItem","position":2,"name":"O firmie"}]},{"@type":"WebSite","@id":"https:\/\/pgs-service.com\/#website","url":"https:\/\/pgs-service.com\/","name":"PGS Polska Grupa Serwisowa","description":"Serwis wir\u00f3wek i dekanter\u00f3w","potentialAction":[{"@type":"SearchAction","target":{"@type":"EntryPoint","urlTemplate":"https:\/\/pgs-service.com\/?s={search_term_string}"},"query-input":{"@type":"PropertyValueSpecification","valueRequired":true,"valueName":"search_term_string"}}],"inLanguage":"pl-PL"}]}},"_links":{"self":[{"href":"https:\/\/pgs-service.com\/index.php?rest_route=\/wp\/v2\/pages\/12635","targetHints":{"allow":["GET"]}}],"collection":[{"href":"https:\/\/pgs-service.com\/index.php?rest_route=\/wp\/v2\/pages"}],"about":[{"href":"https:\/\/pgs-service.com\/index.php?rest_route=\/wp\/v2\/types\/page"}],"author":[{"embeddable":true,"href":"https:\/\/pgs-service.com\/index.php?rest_route=\/wp\/v2\/users\/1"}],"replies":[{"embeddable":true,"href":"https:\/\/pgs-service.com\/index.php?rest_route=%2Fwp%2Fv2%2Fcomments&post=12635"}],"version-history":[{"count":21,"href":"https:\/\/pgs-service.com\/index.php?rest_route=\/wp\/v2\/pages\/12635\/revisions"}],"predecessor-version":[{"id":14263,"href":"https:\/\/pgs-service.com\/index.php?rest_route=\/wp\/v2\/pages\/12635\/revisions\/14263"}],"wp:attachment":[{"href":"https:\/\/pgs-service.com\/index.php?rest_route=%2Fwp%2Fv2%2Fmedia&parent=12635"}],"curies":[{"name":"wp","href":"https:\/\/api.w.org\/{rel}","templated":true}]}}