{"id":13748,"date":"2025-09-17T10:36:12","date_gmt":"2025-09-17T10:36:12","guid":{"rendered":"https:\/\/pgs-service.com\/?page_id=13748"},"modified":"2026-03-27T08:50:32","modified_gmt":"2026-03-27T08:50:32","slug":"oferta","status":"publish","type":"page","link":"https:\/\/pgs-service.com\/?page_id=13748","title":{"rendered":"Oferta"},"content":{"rendered":"<div class=\"wpb-content-wrapper\"><p>[vc_row full_width=&#8221;stretch_row&#8221; gap=&#8221;35&#8243; content_placement=&#8221;middle&#8221; woodmart_stretch_content=&#8221;section-stretch&#8221; el_class=&#8221;pgs-cechy pgs-cechy-row&#8221; woodmart_css_id=&#8221;69c3aac2e4b19&#8243; responsive_spacing=&#8221;eyJwYXJhbV90eXBlIjoid29vZG1hcnRfcmVzcG9uc2l2ZV9zcGFjaW5nIiwic2VsZWN0b3JfaWQiOiI2OWMzYWFjMmU0YjE5Iiwic2hvcnRjb2RlIjoidmNfcm93IiwiZGF0YSI6eyJ0YWJsZXQiOnt9LCJtb2JpbGUiOnt9fX0=&#8221; mobile_bg_img_hidden=&#8221;no&#8221; tablet_bg_img_hidden=&#8221;no&#8221; woodmart_parallax=&#8221;0&#8243; woodmart_gradient_switch=&#8221;no&#8221; woodmart_box_shadow=&#8221;no&#8221; wd_z_index=&#8221;no&#8221; woodmart_disable_overflow=&#8221;0&#8243; row_reverse_mobile=&#8221;0&#8243; row_reverse_tablet=&#8221;0&#8243;][vc_column width=&#8221;1\/2&#8243; el_class=&#8221;pgs-foto-br&#8221;]\n\t\t<div id=\"wd-69c643a3279db\" class=\"title-wrapper wd-wpb wd-set-mb reset-last-child  wd-rs-69c643a3279db wd-title-color-default wd-title-style-default text-left tytulek2  wd-underline-colored\">\n\t\t\t\n\t\t\t<div class=\"liner-continer\">\n\t\t\t\t<h2 class=\"woodmart-title-container title  wd-font-weight- wd-fontsize-l\" >OFERTA PGS<\/h2>\n\t\t\t\t\t\t\t<\/div>\n\t\t\t\n\t\t\t\n\t\t\t\n\t\t<\/div>\n\t\t\n\t\t[vc_column_text css=&#8221;&#8221; woodmart_inline=&#8221;no&#8221; text_larger=&#8221;no&#8221;]<\/p>\n<p data-start=\"72\" data-end=\"261\">PGS to kompleksowy serwis wir\u00f3wek, dekantor\u00f3w i homogenizator\u00f3w. Od 2017 roku dbamy o to, aby maszyny naszych klient\u00f3w pracowa\u0142y niezawodnie, a procesy produkcyjne by\u0142y maksymalnie wydajne.<\/p>\n<p>[\/vc_column_text][\/vc_column][vc_column width=&#8221;1\/2&#8243;][vc_single_image image=&#8221;13906&#8243; img_size=&#8221;full&#8221; alignment=&#8221;right&#8221; css=&#8221;&#8221; parallax_scroll=&#8221;no&#8221; woodmart_inline=&#8221;no&#8221;][\/vc_column][\/vc_row][vc_row full_width=&#8221;stretch_row&#8221; woodmart_css_id=&#8221;69c642de850bc&#8221; responsive_spacing=&#8221;eyJwYXJhbV90eXBlIjoid29vZG1hcnRfcmVzcG9uc2l2ZV9zcGFjaW5nIiwic2VsZWN0b3JfaWQiOiI2OWM2NDJkZTg1MGJjIiwic2hvcnRjb2RlIjoidmNfcm93IiwiZGF0YSI6eyJ0YWJsZXQiOnt9LCJtb2JpbGUiOnt9fX0=&#8221; mobile_bg_img_hidden=&#8221;no&#8221; tablet_bg_img_hidden=&#8221;no&#8221; woodmart_parallax=&#8221;0&#8243; woodmart_gradient_switch=&#8221;no&#8221; woodmart_box_shadow=&#8221;no&#8221; wd_z_index=&#8221;no&#8221; woodmart_disable_overflow=&#8221;0&#8243; row_reverse_mobile=&#8221;0&#8243; row_reverse_tablet=&#8221;0&#8243; el_class=&#8221;ofirmie-podstrona&#8221;][vc_column]\n\t\t<div id=\"wd-69c644aad866f\" class=\"title-wrapper wd-wpb wd-set-mb reset-last-child  wd-rs-69c644aad866f wd-title-color-default wd-title-style-default text-center tytulek2  wd-title-empty wd-underline-colored\">\n\t\t\t\t\t\t\t\n\t\t\t\t<div class=\"title-subtitle  subtitle-color-default font-default subtitle-style-default wd-font-weight- wd-fontsize-xs\">W ramach naszej dzia\u0142alno\u015bci oferujemy:<\/div>\n\t\t\t\n\t\t\t<div class=\"liner-continer\">\n\t\t\t\t<h2 class=\"woodmart-title-container title  wd-font-weight- wd-fontsize-l\" ><\/h2>\n\t\t\t\t\t\t\t<\/div>\n\t\t\t\n\t\t\t\n\t\t\t\n\t\t<\/div>\n\t\t\n\t\t[vc_row_inner content_placement=&#8221;top&#8221; gap=&#8221;35&#8243; woodmart_css_id=&#8221;69c644d235a9e&#8221; responsive_spacing=&#8221;eyJwYXJhbV90eXBlIjoid29vZG1hcnRfcmVzcG9uc2l2ZV9zcGFjaW5nIiwic2VsZWN0b3JfaWQiOiI2OWM2NDRkMjM1YTllIiwic2hvcnRjb2RlIjoidmNfcm93X2lubmVyIiwiZGF0YSI6eyJ0YWJsZXQiOnt9LCJtb2JpbGUiOnt9fX0=&#8221; mobile_bg_img_hidden=&#8221;no&#8221; tablet_bg_img_hidden=&#8221;no&#8221; woodmart_parallax=&#8221;0&#8243; woodmart_gradient_switch=&#8221;no&#8221; woodmart_box_shadow=&#8221;no&#8221; wd_z_index=&#8221;no&#8221; woodmart_disable_overflow=&#8221;0&#8243; row_reverse_mobile=&#8221;0&#8243; row_reverse_tablet=&#8221;0&#8243;][vc_column_inner width=&#8221;1\/2&#8243;][vc_column_text css=&#8221;&#8221; woodmart_inline=&#8221;no&#8221; text_larger=&#8221;no&#8221;]<\/p>\n<ul class=\"pgs-checklist\">\n<li><strong>Przegl\u0105dy techniczne<\/strong> \u2013 bie\u017c\u0105ca obs\u0142uga serwisowa.<\/li>\n<li><strong>Kompleksowe remonty<\/strong> \u2013 wir\u00f3wek, dekantor\u00f3w i homogenizator\u00f3w.<\/li>\n<li><strong>Regeneracja cz\u0119\u015bci i podzespo\u0142\u00f3w<\/strong> \u2013 przek\u0142adni, sprz\u0119gie\u0142, b\u0119bn\u00f3w i \u015blimak\u00f3w.<\/li>\n<li><strong>Dostawy cz\u0119\u015bci zamiennych<\/strong> \u2013 dobrej jako\u015bci i w konkurencyjnych cenach.<\/li>\n<\/ul>\n<p>[\/vc_column_text][\/vc_column_inner][vc_column_inner width=&#8221;1\/2&#8243;][vc_column_text css=&#8221;&#8221; woodmart_inline=&#8221;no&#8221; text_larger=&#8221;no&#8221;]<\/p>\n<ul class=\"pgs-checklist\">\n<li><strong>Doradztwo techniczne<\/strong> \u2013 wsparcie w optymalizacji proces\u00f3w produkcyjnych.<\/li>\n<li><strong>Uruchamianie maszyn<\/strong> \u2013 przygotowanie ich do pracy w zak\u0142adzie.<\/li>\n<li><strong>Sprzeda\u017c i wymiana maszyn<\/strong> \u2013 na nowe urz\u0105dzenia renomowanych producent\u00f3w.<\/li>\n<\/ul>\n<p>[\/vc_column_text][\/vc_column_inner][\/vc_row_inner][\/vc_column][\/vc_row]<\/p>\n<\/div>","protected":false},"excerpt":{"rendered":"<p>[vc_row full_width=&#8221;stretch_row&#8221; gap=&#8221;35&#8243; content_placement=&#8221;middle&#8221; woodmart_stretch_content=&#8221;section-stretch&#8221; el_class=&#8221;pgs-cechy pgs-cechy-row&#8221; woodmart_css_id=&#8221;69c3aac2e4b19&#8243; responsive_spacing=&#8221;eyJwYXJhbV90eXBlIjoid29vZG1hcnRfcmVzcG9uc2l2ZV9zcGFjaW5nIiwic2VsZWN0b3JfaWQiOiI2OWMzYWFjMmU0YjE5Iiwic2hvcnRjb2RlIjoidmNfcm93IiwiZGF0YSI6eyJ0YWJsZXQiOnt9LCJtb2JpbGUiOnt9fX0=&#8221; mobile_bg_img_hidden=&#8221;no&#8221; tablet_bg_img_hidden=&#8221;no&#8221; woodmart_parallax=&#8221;0&#8243; woodmart_gradient_switch=&#8221;no&#8221; woodmart_box_shadow=&#8221;no&#8221; wd_z_index=&#8221;no&#8221; woodmart_disable_overflow=&#8221;0&#8243; row_reverse_mobile=&#8221;0&#8243; row_reverse_tablet=&#8221;0&#8243;][vc_column width=&#8221;1\/2&#8243; el_class=&#8221;pgs-foto-br&#8221;][vc_column_text<\/p>\n","protected":false},"author":1,"featured_media":0,"parent":0,"menu_order":0,"comment_status":"closed","ping_status":"closed","template":"","meta":{"footnotes":""},"class_list":["post-13748","page","type-page","status-publish","hentry"],"yoast_head":"<!-- This site is optimized with the Yoast SEO plugin v27.3 - https:\/\/yoast.com\/product\/yoast-seo-wordpress\/ -->\n<title>Oferta - PGS Polska Grupa Serwisowa<\/title>\n<meta name=\"robots\" content=\"index, follow, max-snippet:-1, max-image-preview:large, max-video-preview:-1\" \/>\n<link rel=\"canonical\" href=\"https:\/\/pgs-service.com\/?page_id=13748\" \/>\n<meta property=\"og:locale\" content=\"pl_PL\" \/>\n<meta property=\"og:type\" content=\"article\" \/>\n<meta property=\"og:title\" content=\"Oferta - PGS Polska Grupa Serwisowa\" \/>\n<meta property=\"og:description\" content=\"[vc_row full_width=&#8221;stretch_row&#8221; gap=&#8221;35&#8243; content_placement=&#8221;middle&#8221; woodmart_stretch_content=&#8221;section-stretch&#8221; el_class=&#8221;pgs-cechy pgs-cechy-row&#8221; woodmart_css_id=&#8221;69c3aac2e4b19&#8243; responsive_spacing=&#8221;eyJwYXJhbV90eXBlIjoid29vZG1hcnRfcmVzcG9uc2l2ZV9zcGFjaW5nIiwic2VsZWN0b3JfaWQiOiI2OWMzYWFjMmU0YjE5Iiwic2hvcnRjb2RlIjoidmNfcm93IiwiZGF0YSI6eyJ0YWJsZXQiOnt9LCJtb2JpbGUiOnt9fX0=&#8221; mobile_bg_img_hidden=&#8221;no&#8221; tablet_bg_img_hidden=&#8221;no&#8221; woodmart_parallax=&#8221;0&#8243; woodmart_gradient_switch=&#8221;no&#8221; woodmart_box_shadow=&#8221;no&#8221; wd_z_index=&#8221;no&#8221; woodmart_disable_overflow=&#8221;0&#8243; row_reverse_mobile=&#8221;0&#8243; row_reverse_tablet=&#8221;0&#8243;][vc_column width=&#8221;1\/2&#8243; el_class=&#8221;pgs-foto-br&#8221;][vc_column_text\" \/>\n<meta property=\"og:url\" content=\"https:\/\/pgs-service.com\/?page_id=13748\" \/>\n<meta property=\"og:site_name\" content=\"PGS Polska Grupa Serwisowa\" \/>\n<meta property=\"article:modified_time\" content=\"2026-03-27T08:50:32+00:00\" \/>\n<meta name=\"twitter:card\" content=\"summary_large_image\" \/>\n<meta name=\"twitter:label1\" content=\"Szacowany czas czytania\" \/>\n\t<meta name=\"twitter:data1\" content=\"2 minuty\" \/>\n<script type=\"application\/ld+json\" class=\"yoast-schema-graph\">{\"@context\":\"https:\\\/\\\/schema.org\",\"@graph\":[{\"@type\":\"WebPage\",\"@id\":\"https:\\\/\\\/pgs-service.com\\\/?page_id=13748\",\"url\":\"https:\\\/\\\/pgs-service.com\\\/?page_id=13748\",\"name\":\"Oferta - PGS Polska Grupa Serwisowa\",\"isPartOf\":{\"@id\":\"https:\\\/\\\/pgs-service.com\\\/#website\"},\"datePublished\":\"2025-09-17T10:36:12+00:00\",\"dateModified\":\"2026-03-27T08:50:32+00:00\",\"breadcrumb\":{\"@id\":\"https:\\\/\\\/pgs-service.com\\\/?page_id=13748#breadcrumb\"},\"inLanguage\":\"pl-PL\",\"potentialAction\":[{\"@type\":\"ReadAction\",\"target\":[\"https:\\\/\\\/pgs-service.com\\\/?page_id=13748\"]}]},{\"@type\":\"BreadcrumbList\",\"@id\":\"https:\\\/\\\/pgs-service.com\\\/?page_id=13748#breadcrumb\",\"itemListElement\":[{\"@type\":\"ListItem\",\"position\":1,\"name\":\"Strona g\u0142\u00f3wna\",\"item\":\"https:\\\/\\\/pgs-service.com\\\/\"},{\"@type\":\"ListItem\",\"position\":2,\"name\":\"Oferta\"}]},{\"@type\":\"WebSite\",\"@id\":\"https:\\\/\\\/pgs-service.com\\\/#website\",\"url\":\"https:\\\/\\\/pgs-service.com\\\/\",\"name\":\"PGS Polska Grupa Serwisowa\",\"description\":\"Serwis wir\u00f3wek i dekanter\u00f3w\",\"potentialAction\":[{\"@type\":\"SearchAction\",\"target\":{\"@type\":\"EntryPoint\",\"urlTemplate\":\"https:\\\/\\\/pgs-service.com\\\/?s={search_term_string}\"},\"query-input\":{\"@type\":\"PropertyValueSpecification\",\"valueRequired\":true,\"valueName\":\"search_term_string\"}}],\"inLanguage\":\"pl-PL\"}]}<\/script>\n<!-- \/ Yoast SEO plugin. -->","yoast_head_json":{"title":"Oferta - PGS Polska Grupa Serwisowa","robots":{"index":"index","follow":"follow","max-snippet":"max-snippet:-1","max-image-preview":"max-image-preview:large","max-video-preview":"max-video-preview:-1"},"canonical":"https:\/\/pgs-service.com\/?page_id=13748","og_locale":"pl_PL","og_type":"article","og_title":"Oferta - PGS Polska Grupa Serwisowa","og_description":"[vc_row full_width=&#8221;stretch_row&#8221; gap=&#8221;35&#8243; content_placement=&#8221;middle&#8221; woodmart_stretch_content=&#8221;section-stretch&#8221; el_class=&#8221;pgs-cechy pgs-cechy-row&#8221; woodmart_css_id=&#8221;69c3aac2e4b19&#8243; responsive_spacing=&#8221;eyJwYXJhbV90eXBlIjoid29vZG1hcnRfcmVzcG9uc2l2ZV9zcGFjaW5nIiwic2VsZWN0b3JfaWQiOiI2OWMzYWFjMmU0YjE5Iiwic2hvcnRjb2RlIjoidmNfcm93IiwiZGF0YSI6eyJ0YWJsZXQiOnt9LCJtb2JpbGUiOnt9fX0=&#8221; mobile_bg_img_hidden=&#8221;no&#8221; tablet_bg_img_hidden=&#8221;no&#8221; woodmart_parallax=&#8221;0&#8243; woodmart_gradient_switch=&#8221;no&#8221; woodmart_box_shadow=&#8221;no&#8221; wd_z_index=&#8221;no&#8221; woodmart_disable_overflow=&#8221;0&#8243; row_reverse_mobile=&#8221;0&#8243; row_reverse_tablet=&#8221;0&#8243;][vc_column width=&#8221;1\/2&#8243; el_class=&#8221;pgs-foto-br&#8221;][vc_column_text","og_url":"https:\/\/pgs-service.com\/?page_id=13748","og_site_name":"PGS Polska Grupa Serwisowa","article_modified_time":"2026-03-27T08:50:32+00:00","twitter_card":"summary_large_image","twitter_misc":{"Szacowany czas czytania":"2 minuty"},"schema":{"@context":"https:\/\/schema.org","@graph":[{"@type":"WebPage","@id":"https:\/\/pgs-service.com\/?page_id=13748","url":"https:\/\/pgs-service.com\/?page_id=13748","name":"Oferta - PGS Polska Grupa Serwisowa","isPartOf":{"@id":"https:\/\/pgs-service.com\/#website"},"datePublished":"2025-09-17T10:36:12+00:00","dateModified":"2026-03-27T08:50:32+00:00","breadcrumb":{"@id":"https:\/\/pgs-service.com\/?page_id=13748#breadcrumb"},"inLanguage":"pl-PL","potentialAction":[{"@type":"ReadAction","target":["https:\/\/pgs-service.com\/?page_id=13748"]}]},{"@type":"BreadcrumbList","@id":"https:\/\/pgs-service.com\/?page_id=13748#breadcrumb","itemListElement":[{"@type":"ListItem","position":1,"name":"Strona g\u0142\u00f3wna","item":"https:\/\/pgs-service.com\/"},{"@type":"ListItem","position":2,"name":"Oferta"}]},{"@type":"WebSite","@id":"https:\/\/pgs-service.com\/#website","url":"https:\/\/pgs-service.com\/","name":"PGS Polska Grupa Serwisowa","description":"Serwis wir\u00f3wek i dekanter\u00f3w","potentialAction":[{"@type":"SearchAction","target":{"@type":"EntryPoint","urlTemplate":"https:\/\/pgs-service.com\/?s={search_term_string}"},"query-input":{"@type":"PropertyValueSpecification","valueRequired":true,"valueName":"search_term_string"}}],"inLanguage":"pl-PL"}]}},"_links":{"self":[{"href":"https:\/\/pgs-service.com\/index.php?rest_route=\/wp\/v2\/pages\/13748","targetHints":{"allow":["GET"]}}],"collection":[{"href":"https:\/\/pgs-service.com\/index.php?rest_route=\/wp\/v2\/pages"}],"about":[{"href":"https:\/\/pgs-service.com\/index.php?rest_route=\/wp\/v2\/types\/page"}],"author":[{"embeddable":true,"href":"https:\/\/pgs-service.com\/index.php?rest_route=\/wp\/v2\/users\/1"}],"replies":[{"embeddable":true,"href":"https:\/\/pgs-service.com\/index.php?rest_route=%2Fwp%2Fv2%2Fcomments&post=13748"}],"version-history":[{"count":10,"href":"https:\/\/pgs-service.com\/index.php?rest_route=\/wp\/v2\/pages\/13748\/revisions"}],"predecessor-version":[{"id":13754,"href":"https:\/\/pgs-service.com\/index.php?rest_route=\/wp\/v2\/pages\/13748\/revisions\/13754"}],"wp:attachment":[{"href":"https:\/\/pgs-service.com\/index.php?rest_route=%2Fwp%2Fv2%2Fmedia&parent=13748"}],"curies":[{"name":"wp","href":"https:\/\/api.w.org\/{rel}","templated":true}]}}