{"id":13827,"date":"2026-03-23T10:18:53","date_gmt":"2026-03-23T10:18:53","guid":{"rendered":"https:\/\/pgs-service.com\/haus\/"},"modified":"2026-03-26T09:40:47","modified_gmt":"2026-03-26T09:40:47","slug":"haus","status":"publish","type":"page","link":"https:\/\/pgs-service.com\/?page_id=13827","title":{"rendered":"HAUS"},"content":{"rendered":"<div class=\"wpb-content-wrapper\"><p>[vc_row full_width=&#8221;stretch_row&#8221; el_class=&#8221;pgs-haus pgs-oferta-page&#8221; woodmart_css_id=&#8221;haus_row1&#8243;][vc_column el_class=&#8221;pgs-podstrona&#8221; woodmart_css_id=&#8221;haus_col1&#8243;]\n\t\t<div id=\"wd-haus_h1\" class=\"title-wrapper wd-wpb wd-set-mb reset-last-child  wd-rs-haus_h1 wd-title-color-default wd-title-style-default text-left tytulek4  wd-underline-colored\">\n\t\t\t\n\t\t\t<div class=\"liner-continer\">\n\t\t\t\t<h2 class=\"woodmart-title-container title  wd-font-weight- wd-fontsize-l\" >O firmie HAUS \u2013 \u015bwiatowy producent technologii wir\u00f3wek przemys\u0142owych<\/h2>\n\t\t\t\t\t\t\t<\/div>\n\t\t\t\n\t\t\t\n\t\t\t\n\t\t<\/div>\n\t\t\n\t\t[vc_column_text]<a href=\"https:\/\/www.hausworld.com\" target=\"_blank\" rel=\"noopener noreferrer\">Odwied\u017a Haus World \u2013 oficjalna strona firmy<\/a>[\/vc_column_text][vc_column_text]Firma <strong>HAUS Centrifuge Technologies<\/strong> to globalny producent zaawansowanych rozwi\u0105za\u0144 w zakresie <strong>technologii separacji i odwirowywania<\/strong> dla przemys\u0142u. Marka od ponad 70 lat projektuje i produkuje wysokiej klasy maszyny oraz systemy, kt\u00f3re znajduj\u0105 zastosowanie w wielu sektorach przemys\u0142owych na ca\u0142ym \u015bwiecie. HAUS dzia\u0142a z my\u015bl\u0105 o jako\u015bci, innowacji i satysfakcji klienta, eksportuj\u0105c swoje produkty do ponad <strong>70 kraj\u00f3w<\/strong> i posiadaj\u0105c nowoczesne zaplecze produkcyjne oraz serwisowe.[\/vc_column_text][vc_column_text]<strong>Nasze produkty i rozwi\u0105zania:<\/strong><\/p>\n<p>HAUS oferuje szerok\u0105 gam\u0119 profesjonalnych urz\u0105dze\u0144 i kompletne linie technologiczne, m.in.:<\/p>\n<ul class=\"pgs-checklist\">\n<li><strong>Wir\u00f3wki dekantacyjne<\/strong> \u2013 wir\u00f3wki do oddzielania faz w procesach \u015brodowiskowych, spo\u017cywczych i przemys\u0142owych.<\/li>\n<li><strong>Wir\u00f3wki talerzowe<\/strong> \u2013 efektywne systemy do klarowania i separacji w sektorach spo\u017cywczych, mleczarskich i morskich.<\/li>\n<li><strong>Turbospr\u0119\u017carki i prasy \u015brubowe<\/strong> \u2013 rozwi\u0105zania uzupe\u0142niaj\u0105ce dla przemys\u0142u.<\/li>\n<li><strong>Jednostki mobilne i wyposa\u017cenie dodatkowe<\/strong> \u2013 dostosowane do specyficznych potrzeb klient\u00f3w.<\/li>\n<\/ul>\n<p>Produkty HAUS znajduj\u0105 zastosowanie w takich bran\u017cach jak: przemys\u0142 spo\u017cywczy i olejowy, oczyszczanie wody i \u015bciek\u00f3w, energetyka, przemys\u0142 ci\u0119\u017cki oraz instalacje morskie.[\/vc_column_text][\/vc_column][\/vc_row][vc_row][vc_column][vc_column_text]<\/p>\n<p>[\/vc_column_text][\/vc_column][\/vc_row][vc_row full_width=&#8221;stretch_row&#8221; gap=&#8221;35&#8243; content_placement=&#8221;middle&#8221; el_class=&#8221;pgs-haus pgs-oferta-page&#8221; woodmart_css_id=&#8221;haus_row2&#8243;][vc_column width=&#8221;1\/2&#8243; woodmart_css_id=&#8221;haus_spo_col1&#8243;]\n\t\t<div id=\"wd-haus_spo_h\" class=\"title-wrapper wd-wpb wd-set-mb reset-last-child  wd-rs-haus_spo_h wd-title-color-default wd-title-style-default text-left  wd-underline-colored\">\n\t\t\t\n\t\t\t<div class=\"liner-continer\">\n\t\t\t\t<h3 class=\"woodmart-title-container title  wd-font-weight- wd-fontsize-l\" >Rozwi\u0105zania dla bran\u017cy spo\u017cywczej<\/h3>\n\t\t\t\t\t\t\t<\/div>\n\t\t\t\n\t\t\t\n\t\t\t\n\t\t<\/div>\n\t\t\n\t\t[vc_column_text]Dla przemys\u0142u spo\u017cywczego HAUS oferuje wysoko wydajne dekantery i separatory, kt\u00f3re:<\/p>\n<ul class=\"pgs-checklist\">\n<li><strong>klaruj\u0105 soki i napoje<\/strong> oraz usuwaj\u0105 zawiesiny w procesach produkcji owoc\u00f3w i warzyw;<\/li>\n<li><strong>zag\u0119szczaj\u0105 mi\u0105\u017csz i produkty uboczne;<\/strong><\/li>\n<li>wspomagaj\u0105 procesy separacji mleka i serwatki w przemy\u015ble mleczarskim;<\/li>\n<li>usprawniaj\u0105 procesy klarowania wina, olej\u00f3w, t\u0142uszcz\u00f3w i innych produkt\u00f3w;<\/li>\n<li>zapewniaj\u0105 ci\u0105g\u0142\u0105, stabiln\u0105 i efektywn\u0105 separacj\u0119 w procesach produkcyjnych o r\u00f3\u017cnych skalach i wymaganiach jako\u015bciowych.<\/li>\n<\/ul>\n<p>[\/vc_column_text][\/vc_column][vc_column width=&#8221;1\/2&#8243; woodmart_css_id=&#8221;haus_spo_col2&#8243;][vc_single_image image=&#8221;13883&#8243; img_size=&#8221;full&#8221; alignment=&#8221;right&#8221; css=&#8221;&#8221; parallax_scroll=&#8221;no&#8221; woodmart_inline=&#8221;no&#8221;][\/vc_column][\/vc_row][vc_row][vc_column]\n\t\t<div id=\"wd-haus_eco_h\" class=\"title-wrapper wd-wpb wd-set-mb reset-last-child  wd-rs-haus_eco_h wd-title-color-default wd-title-style-default text-left  wd-underline-colored\">\n\t\t\t\n\t\t\t<div class=\"liner-continer\">\n\t\t\t\t<h3 class=\"woodmart-title-container title  wd-font-weight- wd-fontsize-l\" >Rozwi\u0105zania dla oczyszczalni \u015bciek\u00f3w i ochrony \u015brodowiska<\/h3>\n\t\t\t\t\t\t\t<\/div>\n\t\t\t\n\t\t\t\n\t\t\t\n\t\t<\/div>\n\t\t\n\t\t[vc_column_text css=&#8221;&#8221; woodmart_inline=&#8221;no&#8221; text_larger=&#8221;no&#8221;]W obszarze ochrony \u015brodowiska i oczyszczania \u015bciek\u00f3w HAUS dostarcza dekantery do zastosowa\u0144 \u015brodowiskowych, kt\u00f3re s\u0105 idealne do:[\/vc_column_text][\/vc_column][\/vc_row][vc_row full_width=&#8221;stretch_row&#8221; gap=&#8221;35&#8243; content_placement=&#8221;middle&#8221; el_class=&#8221;pgs-haus pgs-oferta-page&#8221; woodmart_css_id=&#8221;haus_row3&#8243;][vc_column width=&#8221;1\/2&#8243; woodmart_css_id=&#8221;haus_eco_col1&#8243;][vc_single_image image=&#8221;13884&#8243; img_size=&#8221;full&#8221; css=&#8221;&#8221; parallax_scroll=&#8221;no&#8221; woodmart_inline=&#8221;no&#8221;][\/vc_column][vc_column width=&#8221;1\/2&#8243; woodmart_css_id=&#8221;haus_eco_col2&#8243;][vc_column_text css=&#8221;&#8221; woodmart_inline=&#8221;no&#8221; text_larger=&#8221;no&#8221;]<\/p>\n<ul class=\"pgs-checklist\">\n<li><strong>oddzielania zawieszonych cz\u0105stek sta\u0142ych od wody<\/strong> w oczyszczalniach \u015bciek\u00f3w komunalnych i przemys\u0142owych;<\/li>\n<li>zag\u0119szczania i odwadniania osad\u00f3w \u015bciekowych;<\/li>\n<li>proces\u00f3w recyklingu;<\/li>\n<li>separacji w procesach utylizacji;<\/li>\n<li>usprawniaj\u0105 przetwarzanie mleka, ser\u00f3w, wina i innych p\u0142ynnych produkt\u00f3w spo\u017cywczych;<\/li>\n<li>pracy w instalacjach o r\u00f3\u017cnej skali \u2013 od ma\u0142ych oczyszczalni lokalnych po du\u017ce zak\u0142ady przemys\u0142owe.<\/li>\n<\/ul>\n<p>[\/vc_column_text][\/vc_column][\/vc_row][vc_row][vc_column][vc_column_text]<\/p>\n<p>[\/vc_column_text][\/vc_column][\/vc_row][vc_section full_width=&#8221;stretch_row&#8221; woodmart_stretch_content=&#8221;section-stretch&#8221; el_class=&#8221;haus-sekcja&#8221; woodmart_css_id=&#8221;69c4fba3bebc2&#8243; responsive_spacing=&#8221;eyJwYXJhbV90eXBlIjoid29vZG1hcnRfcmVzcG9uc2l2ZV9zcGFjaW5nIiwic2VsZWN0b3JfaWQiOiI2OWM0ZmJhM2JlYmMyIiwic2hvcnRjb2RlIjoidmNfc2VjdGlvbiIsImRhdGEiOnsidGFibGV0Ijp7fSwibW9iaWxlIjp7fX19&#8243; mobile_bg_img_hidden=&#8221;no&#8221; tablet_bg_img_hidden=&#8221;no&#8221; woodmart_parallax=&#8221;0&#8243; woodmart_gradient_switch=&#8221;no&#8221; woodmart_box_shadow=&#8221;no&#8221; wd_z_index=&#8221;no&#8221; woodmart_disable_overflow=&#8221;0&#8243;][vc_row full_width=&#8221;stretch_row&#8221; el_class=&#8221;pgs-cechy&#8221; woodmart_css_id=&#8221;haus_row4&#8243;][vc_column woodmart_css_id=&#8221;haus_cta_col&#8221;][vc_column_text]<\/p>\n<p style=\"text-align: center; color: #1f9967; font-size: 18px; font-weight: 600;\">Dowiedz si\u0119 wi\u0119cej o pe\u0142nej ofercie HAUS i innowacyjnych rozwi\u0105zaniach technologicznych: <a style=\"color: #1f9967;\" href=\"https:\/\/www.hausworld.com\" target=\"_blank\" rel=\"noopener noreferrer\">www.hausworld.com<\/a><\/p>\n<p>[\/vc_column_text][\/vc_column][\/vc_row][vc_row full_width=&#8221;stretch_row&#8221; woodmart_css_id=&#8221;69c4fc05e0ce7&#8243; responsive_spacing=&#8221;eyJwYXJhbV90eXBlIjoid29vZG1hcnRfcmVzcG9uc2l2ZV9zcGFjaW5nIiwic2VsZWN0b3JfaWQiOiI2OWM0ZmMwNWUwY2U3Iiwic2hvcnRjb2RlIjoidmNfcm93IiwiZGF0YSI6eyJ0YWJsZXQiOnt9LCJtb2JpbGUiOnt9fX0=&#8221; mobile_bg_img_hidden=&#8221;no&#8221; tablet_bg_img_hidden=&#8221;no&#8221; woodmart_parallax=&#8221;0&#8243; woodmart_gradient_switch=&#8221;no&#8221; woodmart_box_shadow=&#8221;no&#8221; wd_z_index=&#8221;no&#8221; woodmart_disable_overflow=&#8221;0&#8243; row_reverse_mobile=&#8221;0&#8243; row_reverse_tablet=&#8221;0&#8243;][vc_column woodmart_css_id=&#8221;haus_k_head&#8221;]\n\t\t<div id=\"wd-69c4fe29a6942\" class=\"title-wrapper wd-wpb wd-set-mb reset-last-child  wd-rs-69c4fe29a6942 wd-title-color-default wd-title-style-default text-center tytulek  wd-underline-colored\">\n\t\t\t\n\t\t\t<div class=\"liner-continer\">\n\t\t\t\t<h2 class=\"woodmart-title-container title  wd-font-weight- wd-fontsize-l\" >KONTAKT:<\/h2>\n\t\t\t\t\t\t\t<\/div>\n\t\t\t\n\t\t\t\n\t\t\t\n\t\t<\/div>\n\t\t\n\t\t[\/vc_column][\/vc_row][vc_row][vc_column width=&#8221;1\/2&#8243;][vc_column_text css=&#8221;&#8221; woodmart_inline=&#8221;no&#8221; text_larger=&#8221;no&#8221;]<\/p>\n<h3>Wir\u00f3wki do przemys\u0142u spo\u017cywczego<\/h3>\n<p>Tel. <a href=\"tel:+48883232311\">+48 883 232 311<\/a><a href=\"mailto:wojciech.walesieniuk@pgs-service.com\"><br \/>\nwojciech.walesieniuk@pgs-service.com<br \/>\n<\/a><\/p>\n<h3>Wir\u00f3wki dekantacyjne i przemys\u0142owe<\/h3>\n<p>Tel. <a href=\"tel:+48666640981\">+48 666 640 981<\/a><a href=\"mailto:joanna.kubacka@pgs-service.com\"><br \/>\njoanna.kubacka@pgs-service.com<br \/>\n<\/a>[\/vc_column_text][\/vc_column][vc_column width=&#8221;1\/2&#8243;][vc_column_text css=&#8221;&#8221; woodmart_inline=&#8221;no&#8221; text_larger=&#8221;no&#8221;]<\/p>\n<h3>Serwis<\/h3>\n<p>Tel. <a href=\"tel:+48539622990\">+48 539 622 990<\/a><a href=\"mailto:dariusz.blasiak@pgs-service.com\"><br \/>\ndariusz.blasiak@pgs-service.com<br \/>\n<\/a><\/p>\n<h3>Cz\u0119\u015bci zamienne HAUS<\/h3>\n<p>Tel. <a href=\"tel:+48785159125\">+48 785 159 125<\/a><a href=\"mailto:jerzy.wiszniewski@pgs-service.com\"><br \/>\njerzy.wiszniewski@pgs-service.com<br \/>\n<\/a>[\/vc_column_text][\/vc_column][\/vc_row][\/vc_section][vc_row full_width=&#8221;stretch_row&#8221; woodmart_stretch_content=&#8221;section-stretch&#8221; el_class=&#8221;pgs-footer-bar&#8221; woodmart_css_id=&#8221;pgs_footer_bar&#8221;][vc_column][vc_row_inner content_placement=&#8221;middle&#8221; el_class=&#8221;pgs-footer-inner&#8221;][vc_column_inner width=&#8221;1\/3&#8243;][vc_column_text woodmart_inline=&#8221;no&#8221; text_larger=&#8221;no&#8221;]<\/p>\n<p style=\"text-align: left; margin: 0;\">Copyright \u00a9 2026 | PGS Polska Grupa Serwisowa<\/p>\n<p>[\/vc_column_text][\/vc_column_inner][vc_column_inner width=&#8221;1\/3&#8243;][vc_column_text woodmart_inline=&#8221;no&#8221; text_larger=&#8221;no&#8221;]<\/p>\n<p style=\"text-align: center; margin: 0;\"><a href=\"https:\/\/www.linkedin.com\/company\/pgs-polska-grupa-serwisowa\" target=\"_blank\" rel=\"noopener\"><img decoding=\"async\" style=\"width: 32px; height: 32px; display: inline-block;\" src=\"http:\/\/pgs-service.com\/wp-content\/uploads\/2026\/03\/Linkedin.png\" alt=\"LinkedIn\" \/><\/a><\/p>\n<p>[\/vc_column_text][\/vc_column_inner][vc_column_inner width=&#8221;1\/3&#8243;][vc_column_text woodmart_inline=&#8221;no&#8221; text_larger=&#8221;no&#8221;]<\/p>\n<p style=\"text-align: right; margin: 0;\">Projekt i wykonanie: <a href=\"https:\/\/www.mal.net.pl\" target=\"_blank\" rel=\"noopener\">mal.net.pl<\/a><\/p>\n<p>[\/vc_column_text][\/vc_column_inner][\/vc_row_inner][\/vc_column][\/vc_row]<\/p>\n<\/div>","protected":false},"excerpt":{"rendered":"<p>[vc_row full_width=&#8221;stretch_row&#8221; el_class=&#8221;pgs-haus pgs-oferta-page&#8221; woodmart_css_id=&#8221;haus_row1&#8243;][vc_column el_class=&#8221;pgs-podstrona&#8221; woodmart_css_id=&#8221;haus_col1&#8243;][vc_column_text]Odwied\u017a Haus World \u2013 oficjalna strona firmy[\/vc_column_text][vc_column_text]Firma HAUS Centrifuge Technologies to globalny producent zaawansowanych<\/p>\n","protected":false},"author":1,"featured_media":0,"parent":0,"menu_order":0,"comment_status":"closed","ping_status":"closed","template":"","meta":{"footnotes":""},"class_list":["post-13827","page","type-page","status-publish","hentry"],"yoast_head":"<!-- This site is optimized with the Yoast SEO plugin v27.3 - https:\/\/yoast.com\/product\/yoast-seo-wordpress\/ -->\n<title>HAUS - PGS Polska Grupa Serwisowa<\/title>\n<meta name=\"robots\" content=\"index, follow, max-snippet:-1, max-image-preview:large, max-video-preview:-1\" \/>\n<link rel=\"canonical\" href=\"https:\/\/pgs-service.com\/?page_id=13827\" \/>\n<meta property=\"og:locale\" content=\"pl_PL\" \/>\n<meta property=\"og:type\" content=\"article\" \/>\n<meta property=\"og:title\" content=\"HAUS - PGS Polska Grupa Serwisowa\" \/>\n<meta property=\"og:description\" content=\"[vc_row full_width=&#8221;stretch_row&#8221; el_class=&#8221;pgs-haus pgs-oferta-page&#8221; woodmart_css_id=&#8221;haus_row1&#8243;][vc_column el_class=&#8221;pgs-podstrona&#8221; woodmart_css_id=&#8221;haus_col1&#8243;][vc_column_text]Odwied\u017a Haus World \u2013 oficjalna strona firmy[\/vc_column_text][vc_column_text]Firma HAUS Centrifuge Technologies to globalny producent zaawansowanych\" \/>\n<meta property=\"og:url\" content=\"https:\/\/pgs-service.com\/?page_id=13827\" \/>\n<meta property=\"og:site_name\" content=\"PGS Polska Grupa Serwisowa\" \/>\n<meta property=\"article:modified_time\" content=\"2026-03-26T09:40:47+00:00\" \/>\n<meta property=\"og:image\" content=\"http:\/\/pgs-service.com\/wp-content\/uploads\/2026\/03\/Linkedin.png\" \/>\n<meta name=\"twitter:card\" content=\"summary_large_image\" \/>\n<meta name=\"twitter:label1\" content=\"Szacowany czas czytania\" \/>\n\t<meta name=\"twitter:data1\" content=\"4 minuty\" \/>\n<script type=\"application\/ld+json\" class=\"yoast-schema-graph\">{\"@context\":\"https:\\\/\\\/schema.org\",\"@graph\":[{\"@type\":\"WebPage\",\"@id\":\"https:\\\/\\\/pgs-service.com\\\/?page_id=13827\",\"url\":\"https:\\\/\\\/pgs-service.com\\\/?page_id=13827\",\"name\":\"HAUS - PGS Polska Grupa Serwisowa\",\"isPartOf\":{\"@id\":\"https:\\\/\\\/pgs-service.com\\\/#website\"},\"primaryImageOfPage\":{\"@id\":\"https:\\\/\\\/pgs-service.com\\\/?page_id=13827#primaryimage\"},\"image\":{\"@id\":\"https:\\\/\\\/pgs-service.com\\\/?page_id=13827#primaryimage\"},\"thumbnailUrl\":\"http:\\\/\\\/pgs-service.com\\\/wp-content\\\/uploads\\\/2026\\\/03\\\/Linkedin.png\",\"datePublished\":\"2026-03-23T10:18:53+00:00\",\"dateModified\":\"2026-03-26T09:40:47+00:00\",\"breadcrumb\":{\"@id\":\"https:\\\/\\\/pgs-service.com\\\/?page_id=13827#breadcrumb\"},\"inLanguage\":\"pl-PL\",\"potentialAction\":[{\"@type\":\"ReadAction\",\"target\":[\"https:\\\/\\\/pgs-service.com\\\/?page_id=13827\"]}]},{\"@type\":\"ImageObject\",\"inLanguage\":\"pl-PL\",\"@id\":\"https:\\\/\\\/pgs-service.com\\\/?page_id=13827#primaryimage\",\"url\":\"https:\\\/\\\/pgs-service.com\\\/wp-content\\\/uploads\\\/2026\\\/03\\\/Linkedin.png\",\"contentUrl\":\"https:\\\/\\\/pgs-service.com\\\/wp-content\\\/uploads\\\/2026\\\/03\\\/Linkedin.png\",\"width\":30,\"height\":30},{\"@type\":\"BreadcrumbList\",\"@id\":\"https:\\\/\\\/pgs-service.com\\\/?page_id=13827#breadcrumb\",\"itemListElement\":[{\"@type\":\"ListItem\",\"position\":1,\"name\":\"Strona g\u0142\u00f3wna\",\"item\":\"https:\\\/\\\/pgs-service.com\\\/\"},{\"@type\":\"ListItem\",\"position\":2,\"name\":\"HAUS\"}]},{\"@type\":\"WebSite\",\"@id\":\"https:\\\/\\\/pgs-service.com\\\/#website\",\"url\":\"https:\\\/\\\/pgs-service.com\\\/\",\"name\":\"PGS Polska Grupa Serwisowa\",\"description\":\"Serwis wir\u00f3wek i dekanter\u00f3w\",\"potentialAction\":[{\"@type\":\"SearchAction\",\"target\":{\"@type\":\"EntryPoint\",\"urlTemplate\":\"https:\\\/\\\/pgs-service.com\\\/?s={search_term_string}\"},\"query-input\":{\"@type\":\"PropertyValueSpecification\",\"valueRequired\":true,\"valueName\":\"search_term_string\"}}],\"inLanguage\":\"pl-PL\"}]}<\/script>\n<!-- \/ Yoast SEO plugin. -->","yoast_head_json":{"title":"HAUS - PGS Polska Grupa Serwisowa","robots":{"index":"index","follow":"follow","max-snippet":"max-snippet:-1","max-image-preview":"max-image-preview:large","max-video-preview":"max-video-preview:-1"},"canonical":"https:\/\/pgs-service.com\/?page_id=13827","og_locale":"pl_PL","og_type":"article","og_title":"HAUS - PGS Polska Grupa Serwisowa","og_description":"[vc_row full_width=&#8221;stretch_row&#8221; el_class=&#8221;pgs-haus pgs-oferta-page&#8221; woodmart_css_id=&#8221;haus_row1&#8243;][vc_column el_class=&#8221;pgs-podstrona&#8221; woodmart_css_id=&#8221;haus_col1&#8243;][vc_column_text]Odwied\u017a Haus World \u2013 oficjalna strona firmy[\/vc_column_text][vc_column_text]Firma HAUS Centrifuge Technologies to globalny producent zaawansowanych","og_url":"https:\/\/pgs-service.com\/?page_id=13827","og_site_name":"PGS Polska Grupa Serwisowa","article_modified_time":"2026-03-26T09:40:47+00:00","og_image":[{"url":"http:\/\/pgs-service.com\/wp-content\/uploads\/2026\/03\/Linkedin.png","type":"","width":"","height":""}],"twitter_card":"summary_large_image","twitter_misc":{"Szacowany czas czytania":"4 minuty"},"schema":{"@context":"https:\/\/schema.org","@graph":[{"@type":"WebPage","@id":"https:\/\/pgs-service.com\/?page_id=13827","url":"https:\/\/pgs-service.com\/?page_id=13827","name":"HAUS - PGS Polska Grupa Serwisowa","isPartOf":{"@id":"https:\/\/pgs-service.com\/#website"},"primaryImageOfPage":{"@id":"https:\/\/pgs-service.com\/?page_id=13827#primaryimage"},"image":{"@id":"https:\/\/pgs-service.com\/?page_id=13827#primaryimage"},"thumbnailUrl":"http:\/\/pgs-service.com\/wp-content\/uploads\/2026\/03\/Linkedin.png","datePublished":"2026-03-23T10:18:53+00:00","dateModified":"2026-03-26T09:40:47+00:00","breadcrumb":{"@id":"https:\/\/pgs-service.com\/?page_id=13827#breadcrumb"},"inLanguage":"pl-PL","potentialAction":[{"@type":"ReadAction","target":["https:\/\/pgs-service.com\/?page_id=13827"]}]},{"@type":"ImageObject","inLanguage":"pl-PL","@id":"https:\/\/pgs-service.com\/?page_id=13827#primaryimage","url":"https:\/\/pgs-service.com\/wp-content\/uploads\/2026\/03\/Linkedin.png","contentUrl":"https:\/\/pgs-service.com\/wp-content\/uploads\/2026\/03\/Linkedin.png","width":30,"height":30},{"@type":"BreadcrumbList","@id":"https:\/\/pgs-service.com\/?page_id=13827#breadcrumb","itemListElement":[{"@type":"ListItem","position":1,"name":"Strona g\u0142\u00f3wna","item":"https:\/\/pgs-service.com\/"},{"@type":"ListItem","position":2,"name":"HAUS"}]},{"@type":"WebSite","@id":"https:\/\/pgs-service.com\/#website","url":"https:\/\/pgs-service.com\/","name":"PGS Polska Grupa Serwisowa","description":"Serwis wir\u00f3wek i dekanter\u00f3w","potentialAction":[{"@type":"SearchAction","target":{"@type":"EntryPoint","urlTemplate":"https:\/\/pgs-service.com\/?s={search_term_string}"},"query-input":{"@type":"PropertyValueSpecification","valueRequired":true,"valueName":"search_term_string"}}],"inLanguage":"pl-PL"}]}},"_links":{"self":[{"href":"https:\/\/pgs-service.com\/index.php?rest_route=\/wp\/v2\/pages\/13827","targetHints":{"allow":["GET"]}}],"collection":[{"href":"https:\/\/pgs-service.com\/index.php?rest_route=\/wp\/v2\/pages"}],"about":[{"href":"https:\/\/pgs-service.com\/index.php?rest_route=\/wp\/v2\/types\/page"}],"author":[{"embeddable":true,"href":"https:\/\/pgs-service.com\/index.php?rest_route=\/wp\/v2\/users\/1"}],"replies":[{"embeddable":true,"href":"https:\/\/pgs-service.com\/index.php?rest_route=%2Fwp%2Fv2%2Fcomments&post=13827"}],"version-history":[{"count":18,"href":"https:\/\/pgs-service.com\/index.php?rest_route=\/wp\/v2\/pages\/13827\/revisions"}],"predecessor-version":[{"id":14144,"href":"https:\/\/pgs-service.com\/index.php?rest_route=\/wp\/v2\/pages\/13827\/revisions\/14144"}],"wp:attachment":[{"href":"https:\/\/pgs-service.com\/index.php?rest_route=%2Fwp%2Fv2%2Fmedia&parent=13827"}],"curies":[{"name":"wp","href":"https:\/\/api.w.org\/{rel}","templated":true}]}}