{"id":14214,"date":"2026-03-27T08:56:00","date_gmt":"2026-03-27T08:56:00","guid":{"rendered":"https:\/\/pgs-service.com\/?page_id=14214"},"modified":"2026-03-27T09:27:14","modified_gmt":"2026-03-27T09:27:14","slug":"nasi-klienci","status":"publish","type":"page","link":"https:\/\/pgs-service.com\/?page_id=14214","title":{"rendered":"Nasi Klienci"},"content":{"rendered":"<div class=\"wpb-content-wrapper\"><p>[vc_row full_width=&#8221;stretch_row&#8221; gap=&#8221;35&#8243; content_placement=&#8221;middle&#8221; woodmart_stretch_content=&#8221;section-stretch&#8221; el_class=&#8221;pgs-cechy pgs-cechy-row&#8221; woodmart_css_id=&#8221;69c3aac2e4b19&#8243; responsive_spacing=&#8221;eyJwYXJhbV90eXBlIjoid29vZG1hcnRfcmVzcG9uc2l2ZV9zcGFjaW5nIiwic2VsZWN0b3JfaWQiOiI2OWMzYWFjMmU0YjE5Iiwic2hvcnRjb2RlIjoidmNfcm93IiwiZGF0YSI6eyJ0YWJsZXQiOnt9LCJtb2JpbGUiOnt9fX0=&#8221; mobile_bg_img_hidden=&#8221;no&#8221; tablet_bg_img_hidden=&#8221;no&#8221; woodmart_parallax=&#8221;0&#8243; woodmart_gradient_switch=&#8221;no&#8221; woodmart_box_shadow=&#8221;no&#8221; wd_z_index=&#8221;no&#8221; woodmart_disable_overflow=&#8221;0&#8243; row_reverse_mobile=&#8221;0&#8243; row_reverse_tablet=&#8221;0&#8243;][vc_column width=&#8221;1\/2&#8243; el_class=&#8221;pgs-foto-br&#8221;]\n\t\t<div id=\"wd-69c6460b74bfa\" class=\"title-wrapper wd-wpb wd-set-mb reset-last-child  wd-rs-69c6460b74bfa wd-title-color-default wd-title-style-default text-left tytulek2  wd-underline-colored\">\n\t\t\t\n\t\t\t<div class=\"liner-continer\">\n\t\t\t\t<h2 class=\"woodmart-title-container title  wd-font-weight- wd-fontsize-l\" >Nasi Klienci<\/h2>\n\t\t\t\t\t\t\t<\/div>\n\t\t\t\n\t\t\t\n\t\t\t\n\t\t<\/div>\n\t\t\n\t\t[vc_column_text css=&#8221;&#8221; woodmart_inline=&#8221;no&#8221; text_larger=&#8221;no&#8221;]Obs\u0142ugujemy obecnie oko\u0142o <strong>200 maszyn w Polsce oraz w krajach nadba\u0142tyckich<\/strong>. Naszymi klientami s\u0105 m.in.:[\/vc_column_text][\/vc_column][vc_column width=&#8221;1\/2&#8243;][vc_single_image image=&#8221;13909&#8243; img_size=&#8221;full&#8221; alignment=&#8221;right&#8221; css=&#8221;&#8221; parallax_scroll=&#8221;no&#8221; woodmart_inline=&#8221;no&#8221;][\/vc_column][\/vc_row][vc_row full_width=&#8221;stretch_row&#8221; gap=&#8221;35&#8243; content_placement=&#8221;middle&#8221; woodmart_stretch_content=&#8221;section-stretch&#8221; el_class=&#8221;pgs-cechy pgs-cechy-row&#8221; woodmart_css_id=&#8221;69c3aac2e4b19&#8243; responsive_spacing=&#8221;eyJwYXJhbV90eXBlIjoid29vZG1hcnRfcmVzcG9uc2l2ZV9zcGFjaW5nIiwic2VsZWN0b3JfaWQiOiI2OWMzYWFjMmU0YjE5Iiwic2hvcnRjb2RlIjoidmNfcm93IiwiZGF0YSI6eyJ0YWJsZXQiOnt9LCJtb2JpbGUiOnt9fX0=&#8221; mobile_bg_img_hidden=&#8221;no&#8221; tablet_bg_img_hidden=&#8221;no&#8221; woodmart_parallax=&#8221;0&#8243; woodmart_gradient_switch=&#8221;no&#8221; woodmart_box_shadow=&#8221;no&#8221; wd_z_index=&#8221;no&#8221; woodmart_disable_overflow=&#8221;0&#8243; row_reverse_mobile=&#8221;0&#8243; row_reverse_tablet=&#8221;0&#8243;][vc_column el_class=&#8221;pgs-foto-br&#8221;][vc_column_text css=&#8221;&#8221; woodmart_inline=&#8221;no&#8221; text_larger=&#8221;no&#8221;]<\/p>\n<ul class=\"pgs-checklist\">\n<li><strong>Zak\u0142ady mleczarskie<\/strong><\/li>\n<li><strong>Browary<\/strong><\/li>\n<li><strong>Przetw\u00f3rnie owoc\u00f3w i warzyw<\/strong><\/li>\n<li><strong>Producenci napoj\u00f3w<\/strong><\/li>\n<li><strong>Zak\u0142ady t\u0142uszczowe<\/strong><\/li>\n<li><strong>Firmy zajmuj\u0105ce si\u0119 recyclingiem<\/strong><\/li>\n<li><strong>Oczyszczalnie \u015bciek\u00f3w<\/strong><\/li>\n<li><strong>Zak\u0142ady przetw\u00f3rstwa odpad\u00f3w poubojowych<\/strong><\/li>\n<li><strong>Wiele innych przedsi\u0119biorstw przemys\u0142owych<\/strong><\/li>\n<\/ul>\n<p>[\/vc_column_text][\/vc_column][\/vc_row][vc_row full_width=&#8221;stretch_row&#8221; gap=&#8221;35&#8243; content_placement=&#8221;middle&#8221; woodmart_stretch_content=&#8221;section-stretch&#8221; el_class=&#8221;pgs-cechy pgs-cechy-row&#8221; woodmart_css_id=&#8221;69c3aac2e4b19&#8243; responsive_spacing=&#8221;eyJwYXJhbV90eXBlIjoid29vZG1hcnRfcmVzcG9uc2l2ZV9zcGFjaW5nIiwic2VsZWN0b3JfaWQiOiI2OWMzYWFjMmU0YjE5Iiwic2hvcnRjb2RlIjoidmNfcm93IiwiZGF0YSI6eyJ0YWJsZXQiOnt9LCJtb2JpbGUiOnt9fX0=&#8221; mobile_bg_img_hidden=&#8221;no&#8221; tablet_bg_img_hidden=&#8221;no&#8221; woodmart_parallax=&#8221;0&#8243; woodmart_gradient_switch=&#8221;no&#8221; woodmart_box_shadow=&#8221;no&#8221; wd_z_index=&#8221;no&#8221; woodmart_disable_overflow=&#8221;0&#8243; row_reverse_mobile=&#8221;0&#8243; row_reverse_tablet=&#8221;0&#8243;][vc_column el_class=&#8221;pgs-foto-br&#8221;][vc_column_text css=&#8221;&#8221; woodmart_inline=&#8221;no&#8221; text_larger=&#8221;no&#8221;]Dzia\u0142amy aktywnie na terenie <strong>Polski, Litwy, \u0141otwy i Estonii<\/strong>, zapewniaj\u0105c naszym klientom nie tylko sprawny serwis, lecz tak\u017ce <strong>poczucie bezpiecze\u0144stwa, \u017ce ich produkcja znajduje si\u0119 w dobrych r\u0119kach<\/strong>.[\/vc_column_text][\/vc_column][\/vc_row]<\/p>\n<\/div>","protected":false},"excerpt":{"rendered":"<p>[vc_row full_width=&#8221;stretch_row&#8221; gap=&#8221;35&#8243; content_placement=&#8221;middle&#8221; woodmart_stretch_content=&#8221;section-stretch&#8221; el_class=&#8221;pgs-cechy pgs-cechy-row&#8221; woodmart_css_id=&#8221;69c3aac2e4b19&#8243; responsive_spacing=&#8221;eyJwYXJhbV90eXBlIjoid29vZG1hcnRfcmVzcG9uc2l2ZV9zcGFjaW5nIiwic2VsZWN0b3JfaWQiOiI2OWMzYWFjMmU0YjE5Iiwic2hvcnRjb2RlIjoidmNfcm93IiwiZGF0YSI6eyJ0YWJsZXQiOnt9LCJtb2JpbGUiOnt9fX0=&#8221; mobile_bg_img_hidden=&#8221;no&#8221; tablet_bg_img_hidden=&#8221;no&#8221; woodmart_parallax=&#8221;0&#8243; woodmart_gradient_switch=&#8221;no&#8221; woodmart_box_shadow=&#8221;no&#8221; wd_z_index=&#8221;no&#8221; woodmart_disable_overflow=&#8221;0&#8243; row_reverse_mobile=&#8221;0&#8243; row_reverse_tablet=&#8221;0&#8243;][vc_column width=&#8221;1\/2&#8243; el_class=&#8221;pgs-foto-br&#8221;][vc_column_text<\/p>\n","protected":false},"author":1,"featured_media":0,"parent":0,"menu_order":0,"comment_status":"closed","ping_status":"closed","template":"","meta":{"footnotes":""},"class_list":["post-14214","page","type-page","status-publish","hentry"],"yoast_head":"<!-- This site is optimized with the Yoast SEO plugin v27.3 - https:\/\/yoast.com\/product\/yoast-seo-wordpress\/ -->\n<title>Nasi Klienci - PGS Polska Grupa Serwisowa<\/title>\n<meta name=\"robots\" content=\"index, follow, max-snippet:-1, max-image-preview:large, max-video-preview:-1\" \/>\n<link rel=\"canonical\" href=\"https:\/\/pgs-service.com\/?page_id=14214\" \/>\n<meta property=\"og:locale\" content=\"pl_PL\" \/>\n<meta property=\"og:type\" content=\"article\" \/>\n<meta property=\"og:title\" content=\"Nasi Klienci - PGS Polska Grupa Serwisowa\" \/>\n<meta property=\"og:description\" content=\"[vc_row full_width=&#8221;stretch_row&#8221; gap=&#8221;35&#8243; content_placement=&#8221;middle&#8221; woodmart_stretch_content=&#8221;section-stretch&#8221; el_class=&#8221;pgs-cechy pgs-cechy-row&#8221; woodmart_css_id=&#8221;69c3aac2e4b19&#8243; responsive_spacing=&#8221;eyJwYXJhbV90eXBlIjoid29vZG1hcnRfcmVzcG9uc2l2ZV9zcGFjaW5nIiwic2VsZWN0b3JfaWQiOiI2OWMzYWFjMmU0YjE5Iiwic2hvcnRjb2RlIjoidmNfcm93IiwiZGF0YSI6eyJ0YWJsZXQiOnt9LCJtb2JpbGUiOnt9fX0=&#8221; mobile_bg_img_hidden=&#8221;no&#8221; tablet_bg_img_hidden=&#8221;no&#8221; woodmart_parallax=&#8221;0&#8243; woodmart_gradient_switch=&#8221;no&#8221; woodmart_box_shadow=&#8221;no&#8221; wd_z_index=&#8221;no&#8221; woodmart_disable_overflow=&#8221;0&#8243; row_reverse_mobile=&#8221;0&#8243; row_reverse_tablet=&#8221;0&#8243;][vc_column width=&#8221;1\/2&#8243; el_class=&#8221;pgs-foto-br&#8221;][vc_column_text\" \/>\n<meta property=\"og:url\" content=\"https:\/\/pgs-service.com\/?page_id=14214\" \/>\n<meta property=\"og:site_name\" content=\"PGS Polska Grupa Serwisowa\" \/>\n<meta property=\"article:modified_time\" content=\"2026-03-27T09:27:14+00:00\" \/>\n<meta name=\"twitter:card\" content=\"summary_large_image\" \/>\n<meta name=\"twitter:label1\" content=\"Szacowany czas czytania\" \/>\n\t<meta name=\"twitter:data1\" content=\"2 minuty\" \/>\n<script type=\"application\/ld+json\" class=\"yoast-schema-graph\">{\"@context\":\"https:\\\/\\\/schema.org\",\"@graph\":[{\"@type\":\"WebPage\",\"@id\":\"https:\\\/\\\/pgs-service.com\\\/?page_id=14214\",\"url\":\"https:\\\/\\\/pgs-service.com\\\/?page_id=14214\",\"name\":\"Nasi Klienci - PGS Polska Grupa Serwisowa\",\"isPartOf\":{\"@id\":\"https:\\\/\\\/pgs-service.com\\\/#website\"},\"datePublished\":\"2026-03-27T08:56:00+00:00\",\"dateModified\":\"2026-03-27T09:27:14+00:00\",\"breadcrumb\":{\"@id\":\"https:\\\/\\\/pgs-service.com\\\/?page_id=14214#breadcrumb\"},\"inLanguage\":\"pl-PL\",\"potentialAction\":[{\"@type\":\"ReadAction\",\"target\":[\"https:\\\/\\\/pgs-service.com\\\/?page_id=14214\"]}]},{\"@type\":\"BreadcrumbList\",\"@id\":\"https:\\\/\\\/pgs-service.com\\\/?page_id=14214#breadcrumb\",\"itemListElement\":[{\"@type\":\"ListItem\",\"position\":1,\"name\":\"Strona g\u0142\u00f3wna\",\"item\":\"https:\\\/\\\/pgs-service.com\\\/\"},{\"@type\":\"ListItem\",\"position\":2,\"name\":\"Nasi Klienci\"}]},{\"@type\":\"WebSite\",\"@id\":\"https:\\\/\\\/pgs-service.com\\\/#website\",\"url\":\"https:\\\/\\\/pgs-service.com\\\/\",\"name\":\"PGS Polska Grupa Serwisowa\",\"description\":\"Serwis wir\u00f3wek i dekanter\u00f3w\",\"potentialAction\":[{\"@type\":\"SearchAction\",\"target\":{\"@type\":\"EntryPoint\",\"urlTemplate\":\"https:\\\/\\\/pgs-service.com\\\/?s={search_term_string}\"},\"query-input\":{\"@type\":\"PropertyValueSpecification\",\"valueRequired\":true,\"valueName\":\"search_term_string\"}}],\"inLanguage\":\"pl-PL\"}]}<\/script>\n<!-- \/ Yoast SEO plugin. -->","yoast_head_json":{"title":"Nasi Klienci - PGS Polska Grupa Serwisowa","robots":{"index":"index","follow":"follow","max-snippet":"max-snippet:-1","max-image-preview":"max-image-preview:large","max-video-preview":"max-video-preview:-1"},"canonical":"https:\/\/pgs-service.com\/?page_id=14214","og_locale":"pl_PL","og_type":"article","og_title":"Nasi Klienci - PGS Polska Grupa Serwisowa","og_description":"[vc_row full_width=&#8221;stretch_row&#8221; gap=&#8221;35&#8243; content_placement=&#8221;middle&#8221; woodmart_stretch_content=&#8221;section-stretch&#8221; el_class=&#8221;pgs-cechy pgs-cechy-row&#8221; woodmart_css_id=&#8221;69c3aac2e4b19&#8243; responsive_spacing=&#8221;eyJwYXJhbV90eXBlIjoid29vZG1hcnRfcmVzcG9uc2l2ZV9zcGFjaW5nIiwic2VsZWN0b3JfaWQiOiI2OWMzYWFjMmU0YjE5Iiwic2hvcnRjb2RlIjoidmNfcm93IiwiZGF0YSI6eyJ0YWJsZXQiOnt9LCJtb2JpbGUiOnt9fX0=&#8221; mobile_bg_img_hidden=&#8221;no&#8221; tablet_bg_img_hidden=&#8221;no&#8221; woodmart_parallax=&#8221;0&#8243; woodmart_gradient_switch=&#8221;no&#8221; woodmart_box_shadow=&#8221;no&#8221; wd_z_index=&#8221;no&#8221; woodmart_disable_overflow=&#8221;0&#8243; row_reverse_mobile=&#8221;0&#8243; row_reverse_tablet=&#8221;0&#8243;][vc_column width=&#8221;1\/2&#8243; el_class=&#8221;pgs-foto-br&#8221;][vc_column_text","og_url":"https:\/\/pgs-service.com\/?page_id=14214","og_site_name":"PGS Polska Grupa Serwisowa","article_modified_time":"2026-03-27T09:27:14+00:00","twitter_card":"summary_large_image","twitter_misc":{"Szacowany czas czytania":"2 minuty"},"schema":{"@context":"https:\/\/schema.org","@graph":[{"@type":"WebPage","@id":"https:\/\/pgs-service.com\/?page_id=14214","url":"https:\/\/pgs-service.com\/?page_id=14214","name":"Nasi Klienci - PGS Polska Grupa Serwisowa","isPartOf":{"@id":"https:\/\/pgs-service.com\/#website"},"datePublished":"2026-03-27T08:56:00+00:00","dateModified":"2026-03-27T09:27:14+00:00","breadcrumb":{"@id":"https:\/\/pgs-service.com\/?page_id=14214#breadcrumb"},"inLanguage":"pl-PL","potentialAction":[{"@type":"ReadAction","target":["https:\/\/pgs-service.com\/?page_id=14214"]}]},{"@type":"BreadcrumbList","@id":"https:\/\/pgs-service.com\/?page_id=14214#breadcrumb","itemListElement":[{"@type":"ListItem","position":1,"name":"Strona g\u0142\u00f3wna","item":"https:\/\/pgs-service.com\/"},{"@type":"ListItem","position":2,"name":"Nasi Klienci"}]},{"@type":"WebSite","@id":"https:\/\/pgs-service.com\/#website","url":"https:\/\/pgs-service.com\/","name":"PGS Polska Grupa Serwisowa","description":"Serwis wir\u00f3wek i dekanter\u00f3w","potentialAction":[{"@type":"SearchAction","target":{"@type":"EntryPoint","urlTemplate":"https:\/\/pgs-service.com\/?s={search_term_string}"},"query-input":{"@type":"PropertyValueSpecification","valueRequired":true,"valueName":"search_term_string"}}],"inLanguage":"pl-PL"}]}},"_links":{"self":[{"href":"https:\/\/pgs-service.com\/index.php?rest_route=\/wp\/v2\/pages\/14214","targetHints":{"allow":["GET"]}}],"collection":[{"href":"https:\/\/pgs-service.com\/index.php?rest_route=\/wp\/v2\/pages"}],"about":[{"href":"https:\/\/pgs-service.com\/index.php?rest_route=\/wp\/v2\/types\/page"}],"author":[{"embeddable":true,"href":"https:\/\/pgs-service.com\/index.php?rest_route=\/wp\/v2\/users\/1"}],"replies":[{"embeddable":true,"href":"https:\/\/pgs-service.com\/index.php?rest_route=%2Fwp%2Fv2%2Fcomments&post=14214"}],"version-history":[{"count":3,"href":"https:\/\/pgs-service.com\/index.php?rest_route=\/wp\/v2\/pages\/14214\/revisions"}],"predecessor-version":[{"id":14230,"href":"https:\/\/pgs-service.com\/index.php?rest_route=\/wp\/v2\/pages\/14214\/revisions\/14230"}],"wp:attachment":[{"href":"https:\/\/pgs-service.com\/index.php?rest_route=%2Fwp%2Fv2%2Fmedia&parent=14214"}],"curies":[{"name":"wp","href":"https:\/\/api.w.org\/{rel}","templated":true}]}}